{"id":110056,"date":"2024-01-19T11:42:22","date_gmt":"2024-01-19T10:42:22","guid":{"rendered":"https:\/\/www.vins-ribeauville.com\/produit\/gewurztraminer-selection-de-grains-nobles\/"},"modified":"2024-09-05T14:39:58","modified_gmt":"2024-09-05T12:39:58","slug":"gewurztraminer-selection-de-grains-nobles","status":"publish","type":"product","link":"https:\/\/www.vins-ribeauville.com\/en\/produit\/gewurztraminer-selection-de-grains-nobles\/","title":{"rendered":"Gewurztraminer S\u00e9lection de Grains Nobles"},"content":{"rendered":"<div class=\"wpb-content-wrapper\"><p>[vc_row css_animation=&#8221;none&#8221; background_position=&#8221;center_bottom&#8221; css=&#8221;.vc_custom_1694439474337{padding-bottom: 50px !important;}&#8221; _et_uniqid=&#8221;et_custom_uniqid_new_64ff182dc30bf&#8221;][vc_column _et_uniqid=&#8221;et_custom_uniqid_new_64bfba429cfc5&#8243;][vc_raw_html]W2hlYWRlcl9wcm9kdWl0XQ==[\/vc_raw_html][\/vc_column][\/vc_row][vc_row css_animation=&#8221;none&#8221; background_position=&#8221;center_bottom&#8221; css=&#8221;.vc_custom_1692803751509{margin-top: -25px !important;padding-top: 100px !important;padding-bottom: 50px !important;background-position: center !important;background-repeat: no-repeat !important;background-size: cover !important;}&#8221; _et_uniqid=&#8221;et_custom_uniqid_new_64e622a3a3ed4&#8243; el_id=&#8221;cuvees&#8221;][vc_column _et_uniqid=&#8221;et_custom_uniqid_new_64bfba429cfc5&#8243;][vc_row_inner el_class=&#8221;product-content&#8221; _et_uniqid=&#8221;et_custom_uniqid_new_64bfba9d9f14c&#8221;][vc_column_inner width=&#8221;1\/4&#8243;][\/vc_column_inner][vc_column_inner el_class=&#8221;subtitle&#8221; width=&#8221;1\/2&#8243; _et_uniqid=&#8221;et_custom_uniqid_new_65dca180250fe&#8221;][vc_custom_heading text=&#8221;Made from over-ripe berries&#8221; font_container=&#8221;tag:p|font_size:20px|text_align:center&#8221; google_fonts=&#8221;font_family:RedHatDisplay%3A&#8221; css_animation=&#8221;slideInUp&#8221; el_class=&#8221;uppercase&#8221; css=&#8221;.vc_custom_1705660722590{margin-bottom: 0px !important;}&#8221;][vc_custom_heading text=&#8221;Gewurztraminer Selection of Noble Grapes.&#8221; font_container=&#8221;tag:h2|font_size:42px|text_align:center&#8221; google_fonts=&#8221;font_family:PlayfairDisplay-Italic%3A&#8221; css_animation=&#8221;slideInUp&#8221; el_class=&#8221;no-uppercase&#8221; css=&#8221;.vc_custom_1705661012748{margin-bottom: 15px !important;}&#8221;][vc_column_text css_animation=&#8221;slideInUp&#8221; css=&#8221;.vc_custom_1705661211778{margin-bottom: 25px !important;}&#8221;]<\/p>\n<p style=\"text-align: center;\">Wines bearing this label are obtained by hand harvesting the grapes most affected by noble rot. This extra concentration makes the intensity of the grape variety more discreet, to the benefit of remarkable power, complexity and length on the palate.<\/p>\n<p>[\/vc_column_text][\/vc_column_inner][vc_column_inner width=&#8221;1\/4&#8243;][\/vc_column_inner][\/vc_row_inner][vc_row_inner equal_height=&#8221;yes&#8221; content_placement=&#8221;middle&#8221; _et_uniqid=&#8221;et_custom_uniqid_new_65dca1847b7e8&#8243; el_class=&#8221;product-content picto-line&#8221;][vc_column_inner width=&#8221;1\/4&#8243;][vc_single_image image=&#8221;9058&#8243; img_size=&#8221;full&#8221; alignment=&#8221;center&#8221;][vc_custom_heading text=&#8221;Sweet&#8221; font_container=&#8221;tag:p|font_size:26px|text_align:center|color:%23000000&#8243; google_fonts=&#8221;font_family:PlayfairDisplay%3A&#8221; el_class=&#8221;no-uppercase&#8221; css=&#8221;.vc_custom_1705656557312{margin-bottom: 10px !important;}&#8221;][vc_column_text]<\/p>\n<p style=\"text-align: center;\">Sweetness<\/p>\n<p>[\/vc_column_text][\/vc_column_inner][vc_column_inner width=&#8221;1\/4&#8243;][vc_single_image image=&#8221;8964&#8243; img_size=&#8221;full&#8221; alignment=&#8221;center&#8221;][vc_custom_heading text=&#8221;Between 10\u00b0 and 12\u00b0 C&#8221; font_container=&#8221;tag:p|font_size:26px|text_align:center|color:%23000000&#8243; google_fonts=&#8221;font_family:PlayfairDisplay%3A&#8221; el_class=&#8221;no-uppercase&#8221; css=&#8221;.vc_custom_1699279683996{margin-bottom: 10px !important;}&#8221;][vc_column_text]<\/p>\n<p style=\"text-align: center;\">Service<\/p>\n<p>[\/vc_column_text][\/vc_column_inner][vc_column_inner width=&#8221;1\/4&#8243;][vc_single_image image=&#8221;9068&#8243; img_size=&#8221;full&#8221; alignment=&#8221;center&#8221;][vc_custom_heading text=&#8221;+ over 10 years&#8221; font_container=&#8221;tag:p|font_size:26px|text_align:center|color:%23000000&#8243; google_fonts=&#8221;font_family:PlayfairDisplay%3A&#8221; el_class=&#8221;no-uppercase&#8221; css=&#8221;.vc_custom_1701248993673{margin-bottom: 10px !important;}&#8221;][vc_column_text]<\/p>\n<p style=\"text-align: center;\">Ageing<\/p>\n<p>[\/vc_column_text][\/vc_column_inner][vc_column_inner width=&#8221;1\/4&#8243;][vc_single_image image=&#8221;9069&#8243; img_size=&#8221;full&#8221; alignment=&#8221;center&#8221;][vc_custom_heading text=&#8221;Ribeauvill\u00e9&#8221; font_container=&#8221;tag:p|font_size:26px|text_align:center|color:%23000000&#8243; google_fonts=&#8221;font_family:PlayfairDisplay%3A&#8221; el_class=&#8221;no-uppercase&#8221; css=&#8221;.vc_custom_1706105144310{margin-bottom: 10px !important;}&#8221;][vc_column_text]<\/p>\n<p style=\"text-align: center;\">Terroir<\/p>\n<p>[\/vc_column_text][\/vc_column_inner][\/vc_row_inner][vc_empty_space height=&#8221;40px&#8221;][vc_btn title=&#8221;I order&#8221; style=&#8221;custom&#8221; custom_text=&#8221;#000000&#8243; shape=&#8221;square&#8221; align=&#8221;center&#8221; el_class=&#8221;btn-underline&#8221; link=&#8221;url:https%3A%2F%2Fboutique.vins-ribeauville.com%2Fproduit%2Fgewurztraminer-selection-de-grains-nobles|&#8221;][\/vc_column][\/vc_row][vc_row css=&#8221;.vc_custom_1690213389273{margin-bottom: 0px !important;padding-bottom: 0px !important;}&#8221; _et_uniqid=&#8221;et_custom_uniqid_new_64be9c062ba38&#8243; el_class=&#8221;product-content&#8221;][vc_column][vc_single_image image=&#8221;9029&#8243; img_size=&#8221;full&#8221; alignment=&#8221;center&#8221; css=&#8221;.vc_custom_1690285800318{margin-top: 0px !important;margin-bottom: 0px !important;padding-top: 0px !important;padding-bottom: 0px !important;}&#8221;][\/vc_column][\/vc_row][vc_row full_width=&#8221;stretch_row_content&#8221; css_animation=&#8221;none&#8221; css=&#8221;.vc_custom_1708958146144{margin-top: 0px !important;margin-right: 0px !important;margin-bottom: 0px !important;margin-left: 0px !important;padding-top: 0px !important;padding-right: 0px !important;padding-bottom: 0px !important;padding-left: 0px !important;background-image: url(https:\/\/www.vins-ribeauville.com\/wp-content\/uploads\/2024\/02\/bg-strate-noire-bottom.png?id=75161) !important;background-position: 0 0 !important;background-repeat: no-repeat !important;}&#8221; _et_uniqid=&#8221;et_custom_uniqid_new_65dca1ac2b358&#8243; el_class=&#8221;dark black-after&#8221;][vc_column css=&#8221;.vc_custom_1688460795659{padding-top: 0px !important;padding-right: 0px !important;padding-bottom: 0px !important;padding-left: 0px !important;}&#8221; _et_uniqid=&#8221;et_custom_uniqid_new_64a3ddf4899df&#8221;][vc_row_inner content_placement=&#8221;middle&#8221; gap=&#8221;30&#8243; _et_uniqid=&#8221;et_custom_uniqid_new_64a419567e2af&#8221;][vc_column_inner width=&#8221;1\/2&#8243; css=&#8221;.vc_custom_1688398746638{margin-top: 0px !important;margin-right: 0px !important;margin-bottom: 0px !important;margin-left: 0px !important;padding-top: 0px !important;padding-right: 0px !important;padding-bottom: 0px !important;padding-left: 0px !important;}&#8221; _et_uniqid=&#8221;et_custom_uniqid_new_64a2eb8e9fda9&#8243;][vc_single_image image=&#8221;9042&#8243; img_size=&#8221;full&#8221;][\/vc_column_inner][vc_column_inner el_class=&#8221;subtitle&#8221; width=&#8221;1\/2&#8243; css=&#8221;.vc_custom_1708958121801{padding-right: 260px !important;padding-left: 0px !important;}&#8221; _et_uniqid=&#8221;et_custom_uniqid_new_65dca1a82542d&#8221;][vc_custom_heading text=&#8221;Winemaking&#8221; font_container=&#8221;tag:h2|font_size:42px|text_align:center|color:%23ffffff&#8221; google_fonts=&#8221;font_family:PlayfairDisplay-Italic%3A&#8221; css_animation=&#8221;slideInUp&#8221; el_class=&#8221;no-uppercase&#8221; css=&#8221;.vc_custom_1690557662633{margin-bottom: 15px !important;}&#8221;][vc_column_text css_animation=&#8221;slideInUp&#8221; css=&#8221;.vc_custom_1705661438578{margin-bottom: 25px !important;}&#8221;]<\/p>\n<p style=\"text-align: center;\">Selection of plots around Ribeauvill\u00e9 and Bergheim which are harvested in<br \/>\nover-ripening with the development of noble rot. Selection obtained by successive sorting of grapes affected by noble rot, from plots harvested at over-ripeness several weeks after the end of the official harvest.<\/p>\n<p style=\"text-align: center;\">The grapes are harvested exclusively by hand. Whole bunches are pressed in pneumatic presses to avoid crushing. The juices are separated to optimise the quality of our wines. After static settling, the wines are fermented under temperature control and then matured on fine lees for 7 months. After filtration, the wines are bottled and matured in our cellars.<\/p>\n<p>[\/vc_column_text][vc_custom_heading text=&#8221;Tasting&#8221; font_container=&#8221;tag:h2|font_size:42px|text_align:center|color:%23ffffff&#8221; google_fonts=&#8221;font_family:PlayfairDisplay-Italic%3A&#8221; css_animation=&#8221;slideInUp&#8221; el_class=&#8221;no-uppercase&#8221; css=&#8221;.vc_custom_1690557677791{margin-bottom: 15px !important;}&#8221;][vc_column_text css_animation=&#8221;slideInUp&#8221; css=&#8221;.vc_custom_1706281123377{margin-bottom: 25px !important;}&#8221;]<\/p>\n<p style=\"text-align: center;\">Intense, rich, fine nose with complex notes of candied exotic fruit and dried apricots. The mouth is full and round, with an exceptionally long finish Thanks to its magnificent acidity, this wine is perfectly balanced, with no heaviness whatsoever.<\/p>\n<p>[\/vc_column_text][vc_empty_space height=&#8221;40px&#8221;][vc_btn title=&#8221;Buy this cuvee&#8221; style=&#8221;custom&#8221; custom_text=&#8221;#ffffff&#8221; shape=&#8221;square&#8221; align=&#8221;center&#8221; el_class=&#8221;btn-underline center btn-plus&#8221; css=&#8221;.vc_custom_1706869693016{margin-top: 45px !important;}&#8221; link=&#8221;url:https%3A%2F%2Fboutique.vins-ribeauville.com%2Fproduit%2Fgewurztraminer-selection-de-grains-nobles|&#8221;][\/vc_column_inner][\/vc_row_inner][\/vc_column][\/vc_row][vc_row full_width=&#8221;stretch_row&#8221; css_animation=&#8221;slideInUp&#8221; css=&#8221;.vc_custom_1709212190486{margin-top: -5px !important;padding-top: 0px !important;padding-bottom: 0px !important;background-image: url(https:\/\/www.vins-ribeauville.com\/wp-content\/uploads\/2023\/07\/bg-header-produits.png?id=8978) !important;background-position: center !important;background-repeat: no-repeat !important;background-size: cover !important;}&#8221; _et_uniqid=&#8221;et_custom_uniqid_new_65e0821a87fb4&#8243; el_class=&#8221;light top1 line&#8221;][vc_column css=&#8221;.vc_custom_1690285716751{padding-top: 60px !important;}&#8221; _et_uniqid=&#8221;et_custom_uniqid_new_64bfb68d78c60&#8243;][vc_row_inner el_class=&#8221;product-content&#8221; _et_uniqid=&#8221;et_custom_uniqid_new_64be9d3def059&#8243;][vc_column_inner el_class=&#8221;subtitle&#8221; width=&#8221;1\/2&#8243; _et_uniqid=&#8221;et_custom_uniqid_new_65dca1c7c4e75&#8243;][vc_custom_heading text=&#8221;What to marry it with?&#8221; font_container=&#8221;tag:p|font_size:20px|text_align:right&#8221; google_fonts=&#8221;font_family:RedHatDisplay%3A&#8221; css_animation=&#8221;slideInUp&#8221; el_class=&#8221;uppercase&#8221; css=&#8221;.vc_custom_1689860498239{margin-bottom: 0px !important;padding-right: 3vw !important;}&#8221;][vc_custom_heading text=&#8221;Food and wine pairing.&#8221; font_container=&#8221;tag:h2|font_size:42px|text_align:right&#8221; google_fonts=&#8221;font_family:PlayfairDisplay-Italic%3A&#8221; css_animation=&#8221;slideInUp&#8221; el_class=&#8221;no-uppercase&#8221; css=&#8221;.vc_custom_1692947434816{margin-bottom: 10px !important;padding-right: 3vw !important;}&#8221;][vc_column_text css=&#8221;.vc_custom_1705660360292{margin-bottom: 25px !important;padding-right: 3vw !important;}&#8221;]<\/p>\n<p style=\"text-align: right;\">With foie gras, spicy dishes (Indian, Asian, Moroccan) or a sweet dessert (tarte tatin, cream, mousse, etc.).<\/p>\n<p>[\/vc_column_text][vc_empty_space height=&#8221;40px&#8221;][vc_single_image image=&#8221;40265&#8243; img_size=&#8221;450&#215;499&#8243; alignment=&#8221;center&#8221;][\/vc_column_inner][vc_column_inner el_class=&#8221;no-mobile&#8221; width=&#8221;1\/2&#8243; _et_uniqid=&#8221;et_custom_uniqid_new_65dca1cecd9f2&#8243;][vc_single_image image=&#8221;38688&#8243; img_size=&#8221;full&#8221; alignment=&#8221;center&#8221;][\/vc_column_inner][\/vc_row_inner][vc_empty_space height=&#8221;40px&#8221;][vc_btn title=&#8221;Discover the shop&#8221; style=&#8221;custom&#8221; custom_text=&#8221;#020202&#8243; shape=&#8221;square&#8221; align=&#8221;center&#8221; el_class=&#8221;btn-underline&#8221; link=&#8221;url:https%3A%2F%2Fboutique.vins-ribeauville.com%2F|&#8221;][\/vc_column][\/vc_row]<\/p>\n<\/div>","protected":false},"excerpt":{"rendered":"<p><a class=\"add-to-cart\" href=\"#\">Add to basket<\/a><\/p>\n","protected":false},"featured_media":56995,"template":"","meta":[],"etheme_brands":[],"product_brand":[],"product_cat":[96],"product_tag":[100],"class_list":{"0":"post-110056","1":"product","2":"type-product","3":"status-publish","4":"has-post-thumbnail","6":"product_cat-selection-of-grains-nobles","7":"product_tag-gewurztraminer-en","9":"first","10":"instock","11":"shipping-taxable","12":"product-type-simple"},"booking_location":null,"booking_location_type":null,"booking_duration":null,"booking_buffer":null,"booking_cost":null,"booking_resources":null,"acf":[],"yoast_head":"<!-- This site is optimized with the Yoast SEO plugin v27.4 - https:\/\/yoast.com\/product\/yoast-seo-wordpress\/ -->\n<title>Gewurztraminer S\u00e9lection de Grains Nobles - Cave de Ribeauvill\u00e9<\/title>\n<meta name=\"description\" content=\"The Gewurztraminer S\u00e9lection de Grains Nobles is full-bodied and powerful, with complex, highly developed aromas. Serve with a terrine of pan-fried foie gras.\" \/>\n<meta name=\"robots\" content=\"index, follow, max-snippet:-1, max-image-preview:large, max-video-preview:-1\" \/>\n<link rel=\"canonical\" href=\"https:\/\/www.vins-ribeauville.com\/en\/produit\/gewurztraminer-selection-de-grains-nobles\/\" \/>\n<meta property=\"og:locale\" content=\"en_US\" \/>\n<meta property=\"og:type\" content=\"article\" \/>\n<meta property=\"og:title\" content=\"Gewurztraminer S\u00e9lection de Grains Nobles - Cave de Ribeauvill\u00e9\" \/>\n<meta property=\"og:description\" content=\"The Gewurztraminer S\u00e9lection de Grains Nobles is full-bodied and powerful, with complex, highly developed aromas. Serve with a terrine of pan-fried foie gras.\" \/>\n<meta property=\"og:url\" content=\"https:\/\/www.vins-ribeauville.com\/en\/produit\/gewurztraminer-selection-de-grains-nobles\/\" \/>\n<meta property=\"og:site_name\" content=\"Cave de Ribeauvill\u00e9\" \/>\n<meta property=\"article:modified_time\" content=\"2024-09-05T12:39:58+00:00\" \/>\n<meta property=\"og:image\" content=\"https:\/\/www.vins-ribeauville.com\/wp-content\/uploads\/2024\/01\/Gewurztraminer-Selection-de-Grains-Nobles-NM.png\" \/>\n\t<meta property=\"og:image:width\" content=\"1411\" \/>\n\t<meta property=\"og:image:height\" content=\"5472\" \/>\n\t<meta property=\"og:image:type\" content=\"image\/png\" \/>\n<meta name=\"twitter:card\" content=\"summary_large_image\" \/>\n<meta name=\"twitter:label1\" content=\"Est. reading time\" \/>\n\t<meta name=\"twitter:data1\" content=\"7 minutes\" \/>\n<script type=\"application\/ld+json\" class=\"yoast-schema-graph\">{\"@context\":\"https:\\\/\\\/schema.org\",\"@graph\":[{\"@type\":\"WebPage\",\"@id\":\"https:\\\/\\\/www.vins-ribeauville.com\\\/en\\\/produit\\\/gewurztraminer-selection-de-grains-nobles\\\/\",\"url\":\"https:\\\/\\\/www.vins-ribeauville.com\\\/en\\\/produit\\\/gewurztraminer-selection-de-grains-nobles\\\/\",\"name\":\"Gewurztraminer S\u00e9lection de Grains Nobles - Cave de Ribeauvill\u00e9\",\"isPartOf\":{\"@id\":\"https:\\\/\\\/www.vins-ribeauville.com\\\/en\\\/#website\"},\"primaryImageOfPage\":{\"@id\":\"https:\\\/\\\/www.vins-ribeauville.com\\\/en\\\/produit\\\/gewurztraminer-selection-de-grains-nobles\\\/#primaryimage\"},\"image\":{\"@id\":\"https:\\\/\\\/www.vins-ribeauville.com\\\/en\\\/produit\\\/gewurztraminer-selection-de-grains-nobles\\\/#primaryimage\"},\"thumbnailUrl\":\"https:\\\/\\\/www.vins-ribeauville.com\\\/wp-content\\\/uploads\\\/2024\\\/01\\\/Gewurztraminer-Selection-de-Grains-Nobles-NM-scaled.png\",\"datePublished\":\"2024-01-19T10:42:22+00:00\",\"dateModified\":\"2024-09-05T12:39:58+00:00\",\"description\":\"The Gewurztraminer S\u00e9lection de Grains Nobles is full-bodied and powerful, with complex, highly developed aromas. Serve with a terrine of pan-fried foie gras.\",\"breadcrumb\":{\"@id\":\"https:\\\/\\\/www.vins-ribeauville.com\\\/en\\\/produit\\\/gewurztraminer-selection-de-grains-nobles\\\/#breadcrumb\"},\"inLanguage\":\"en-US\",\"potentialAction\":[{\"@type\":\"ReadAction\",\"target\":[\"https:\\\/\\\/www.vins-ribeauville.com\\\/en\\\/produit\\\/gewurztraminer-selection-de-grains-nobles\\\/\"]}]},{\"@type\":\"ImageObject\",\"inLanguage\":\"en-US\",\"@id\":\"https:\\\/\\\/www.vins-ribeauville.com\\\/en\\\/produit\\\/gewurztraminer-selection-de-grains-nobles\\\/#primaryimage\",\"url\":\"https:\\\/\\\/www.vins-ribeauville.com\\\/wp-content\\\/uploads\\\/2024\\\/01\\\/Gewurztraminer-Selection-de-Grains-Nobles-NM-scaled.png\",\"contentUrl\":\"https:\\\/\\\/www.vins-ribeauville.com\\\/wp-content\\\/uploads\\\/2024\\\/01\\\/Gewurztraminer-Selection-de-Grains-Nobles-NM-scaled.png\",\"width\":660,\"height\":2560},{\"@type\":\"BreadcrumbList\",\"@id\":\"https:\\\/\\\/www.vins-ribeauville.com\\\/en\\\/produit\\\/gewurztraminer-selection-de-grains-nobles\\\/#breadcrumb\",\"itemListElement\":[{\"@type\":\"ListItem\",\"position\":1,\"name\":\"Accueil\",\"item\":\"https:\\\/\\\/www.vins-ribeauville.com\\\/en\\\/alsace-wine-cremants\\\/\"},{\"@type\":\"ListItem\",\"position\":2,\"name\":\"Products\",\"item\":\"https:\\\/\\\/www.vins-ribeauville.com\\\/en\\\/shop\\\/\"},{\"@type\":\"ListItem\",\"position\":3,\"name\":\"Gewurztraminer S\u00e9lection de Grains Nobles\"}]},{\"@type\":\"WebSite\",\"@id\":\"https:\\\/\\\/www.vins-ribeauville.com\\\/en\\\/#website\",\"url\":\"https:\\\/\\\/www.vins-ribeauville.com\\\/en\\\/\",\"name\":\"Cave de Ribeauvill\u00e9\",\"description\":\"De nos terroirs naissent des tr\u00e9sors\",\"potentialAction\":[{\"@type\":\"SearchAction\",\"target\":{\"@type\":\"EntryPoint\",\"urlTemplate\":\"https:\\\/\\\/www.vins-ribeauville.com\\\/en\\\/?s={search_term_string}\"},\"query-input\":{\"@type\":\"PropertyValueSpecification\",\"valueRequired\":true,\"valueName\":\"search_term_string\"}}],\"inLanguage\":\"en-US\"}]}<\/script>\n<!-- \/ Yoast SEO plugin. -->","yoast_head_json":{"title":"Gewurztraminer S\u00e9lection de Grains Nobles - Cave de Ribeauvill\u00e9","description":"The Gewurztraminer S\u00e9lection de Grains Nobles is full-bodied and powerful, with complex, highly developed aromas. Serve with a terrine of pan-fried foie gras.","robots":{"index":"index","follow":"follow","max-snippet":"max-snippet:-1","max-image-preview":"max-image-preview:large","max-video-preview":"max-video-preview:-1"},"canonical":"https:\/\/www.vins-ribeauville.com\/en\/produit\/gewurztraminer-selection-de-grains-nobles\/","og_locale":"en_US","og_type":"article","og_title":"Gewurztraminer S\u00e9lection de Grains Nobles - Cave de Ribeauvill\u00e9","og_description":"The Gewurztraminer S\u00e9lection de Grains Nobles is full-bodied and powerful, with complex, highly developed aromas. Serve with a terrine of pan-fried foie gras.","og_url":"https:\/\/www.vins-ribeauville.com\/en\/produit\/gewurztraminer-selection-de-grains-nobles\/","og_site_name":"Cave de Ribeauvill\u00e9","article_modified_time":"2024-09-05T12:39:58+00:00","og_image":[{"width":1411,"height":5472,"url":"https:\/\/www.vins-ribeauville.com\/wp-content\/uploads\/2024\/01\/Gewurztraminer-Selection-de-Grains-Nobles-NM.png","type":"image\/png"}],"twitter_card":"summary_large_image","twitter_misc":{"Est. reading time":"7 minutes"},"schema":{"@context":"https:\/\/schema.org","@graph":[{"@type":"WebPage","@id":"https:\/\/www.vins-ribeauville.com\/en\/produit\/gewurztraminer-selection-de-grains-nobles\/","url":"https:\/\/www.vins-ribeauville.com\/en\/produit\/gewurztraminer-selection-de-grains-nobles\/","name":"Gewurztraminer S\u00e9lection de Grains Nobles - Cave de Ribeauvill\u00e9","isPartOf":{"@id":"https:\/\/www.vins-ribeauville.com\/en\/#website"},"primaryImageOfPage":{"@id":"https:\/\/www.vins-ribeauville.com\/en\/produit\/gewurztraminer-selection-de-grains-nobles\/#primaryimage"},"image":{"@id":"https:\/\/www.vins-ribeauville.com\/en\/produit\/gewurztraminer-selection-de-grains-nobles\/#primaryimage"},"thumbnailUrl":"https:\/\/www.vins-ribeauville.com\/wp-content\/uploads\/2024\/01\/Gewurztraminer-Selection-de-Grains-Nobles-NM-scaled.png","datePublished":"2024-01-19T10:42:22+00:00","dateModified":"2024-09-05T12:39:58+00:00","description":"The Gewurztraminer S\u00e9lection de Grains Nobles is full-bodied and powerful, with complex, highly developed aromas. Serve with a terrine of pan-fried foie gras.","breadcrumb":{"@id":"https:\/\/www.vins-ribeauville.com\/en\/produit\/gewurztraminer-selection-de-grains-nobles\/#breadcrumb"},"inLanguage":"en-US","potentialAction":[{"@type":"ReadAction","target":["https:\/\/www.vins-ribeauville.com\/en\/produit\/gewurztraminer-selection-de-grains-nobles\/"]}]},{"@type":"ImageObject","inLanguage":"en-US","@id":"https:\/\/www.vins-ribeauville.com\/en\/produit\/gewurztraminer-selection-de-grains-nobles\/#primaryimage","url":"https:\/\/www.vins-ribeauville.com\/wp-content\/uploads\/2024\/01\/Gewurztraminer-Selection-de-Grains-Nobles-NM-scaled.png","contentUrl":"https:\/\/www.vins-ribeauville.com\/wp-content\/uploads\/2024\/01\/Gewurztraminer-Selection-de-Grains-Nobles-NM-scaled.png","width":660,"height":2560},{"@type":"BreadcrumbList","@id":"https:\/\/www.vins-ribeauville.com\/en\/produit\/gewurztraminer-selection-de-grains-nobles\/#breadcrumb","itemListElement":[{"@type":"ListItem","position":1,"name":"Accueil","item":"https:\/\/www.vins-ribeauville.com\/en\/alsace-wine-cremants\/"},{"@type":"ListItem","position":2,"name":"Products","item":"https:\/\/www.vins-ribeauville.com\/en\/shop\/"},{"@type":"ListItem","position":3,"name":"Gewurztraminer S\u00e9lection de Grains Nobles"}]},{"@type":"WebSite","@id":"https:\/\/www.vins-ribeauville.com\/en\/#website","url":"https:\/\/www.vins-ribeauville.com\/en\/","name":"Cave de Ribeauvill\u00e9","description":"De nos terroirs naissent des tr\u00e9sors","potentialAction":[{"@type":"SearchAction","target":{"@type":"EntryPoint","urlTemplate":"https:\/\/www.vins-ribeauville.com\/en\/?s={search_term_string}"},"query-input":{"@type":"PropertyValueSpecification","valueRequired":true,"valueName":"search_term_string"}}],"inLanguage":"en-US"}]}},"_links":{"self":[{"href":"https:\/\/www.vins-ribeauville.com\/en\/wp-json\/wp\/v2\/product\/110056","targetHints":{"allow":["GET"]}}],"collection":[{"href":"https:\/\/www.vins-ribeauville.com\/en\/wp-json\/wp\/v2\/product"}],"about":[{"href":"https:\/\/www.vins-ribeauville.com\/en\/wp-json\/wp\/v2\/types\/product"}],"wp:featuredmedia":[{"embeddable":true,"href":"https:\/\/www.vins-ribeauville.com\/en\/wp-json\/wp\/v2\/media\/56995"}],"wp:attachment":[{"href":"https:\/\/www.vins-ribeauville.com\/en\/wp-json\/wp\/v2\/media?parent=110056"}],"wp:term":[{"taxonomy":"brand","embeddable":true,"href":"https:\/\/www.vins-ribeauville.com\/en\/wp-json\/wp\/v2\/etheme_brands?post=110056"},{"taxonomy":"product_brand","embeddable":true,"href":"https:\/\/www.vins-ribeauville.com\/en\/wp-json\/wp\/v2\/product_brand?post=110056"},{"taxonomy":"product_cat","embeddable":true,"href":"https:\/\/www.vins-ribeauville.com\/en\/wp-json\/wp\/v2\/product_cat?post=110056"},{"taxonomy":"product_tag","embeddable":true,"href":"https:\/\/www.vins-ribeauville.com\/en\/wp-json\/wp\/v2\/product_tag?post=110056"}],"curies":[{"name":"wp","href":"https:\/\/api.w.org\/{rel}","templated":true}]}}