{"id":110064,"date":"2024-01-18T09:46:46","date_gmt":"2024-01-18T08:46:46","guid":{"rendered":"https:\/\/www.vins-ribeauville.com\/produit\/pinot-gris-kirchberg-of-ribeauville\/"},"modified":"2024-09-05T14:49:47","modified_gmt":"2024-09-05T12:49:47","slug":"pinot-gris-kirchberg-of-ribeauville","status":"publish","type":"product","link":"https:\/\/www.vins-ribeauville.com\/en\/produit\/pinot-gris-kirchberg-of-ribeauville\/","title":{"rendered":"Pinot Gris Kirchberg of Ribeauvill\u00e9"},"content":{"rendered":"<div class=\"wpb-content-wrapper\"><p>[vc_row css_animation=&#8221;none&#8221; background_position=&#8221;center_bottom&#8221; css=&#8221;.vc_custom_1694439474337{padding-bottom: 50px !important;}&#8221; _et_uniqid=&#8221;et_custom_uniqid_new_64ff182dc30bf&#8221;][vc_column _et_uniqid=&#8221;et_custom_uniqid_new_64bfba429cfc5&#8243;][vc_raw_html]W2hlYWRlcl9wcm9kdWl0XQ==[\/vc_raw_html][\/vc_column][\/vc_row][vc_row css_animation=&#8221;none&#8221; background_position=&#8221;center_bottom&#8221; css=&#8221;.vc_custom_1692803751509{margin-top: -25px !important;padding-top: 100px !important;padding-bottom: 50px !important;background-position: center !important;background-repeat: no-repeat !important;background-size: cover !important;}&#8221; _et_uniqid=&#8221;et_custom_uniqid_new_64e622a3a3ed4&#8243; el_id=&#8221;cuvees&#8221;][vc_column _et_uniqid=&#8221;et_custom_uniqid_new_64bfba429cfc5&#8243;][vc_row_inner el_class=&#8221;product-content&#8221; _et_uniqid=&#8221;et_custom_uniqid_new_64bfba9d9f14c&#8221;][vc_column_inner width=&#8221;1\/4&#8243;][\/vc_column_inner][vc_column_inner el_class=&#8221;subtitle&#8221; width=&#8221;1\/2&#8243; _et_uniqid=&#8221;et_custom_uniqid_new_65dca67970e40&#8243;][vc_custom_heading text=&#8221;OVERLOOKING THE MEDIEVAL CITY&#8221; font_container=&#8221;tag:p|font_size:20px|text_align:center&#8221; google_fonts=&#8221;font_family:RedHatDisplay%3A&#8221; css_animation=&#8221;slideInUp&#8221; el_class=&#8221;uppercase&#8221; css=&#8221;.vc_custom_1702304807558{margin-bottom: 0px !important;}&#8221;][vc_custom_heading text=&#8221;Pinot Gris Grand Cru Kirchberg of Ribeauvill\u00e9.&#8221; font_container=&#8221;tag:h2|font_size:42px|text_align:center&#8221; google_fonts=&#8221;font_family:PlayfairDisplay-Italic%3A&#8221; css_animation=&#8221;slideInUp&#8221; el_class=&#8221;no-uppercase&#8221; css=&#8221;.vc_custom_1705567652790{margin-bottom: 15px !important;}&#8221;][vc_column_text css_animation=&#8221;slideInUp&#8221; css=&#8221;.vc_custom_1708959489012{margin-bottom: 25px !important;}&#8221;]<\/p>\n<p style=\"text-align: center;\">The Grand Cru Kirchberg de Ribeauvill\u00e9 is located in the Ribeauvill\u00e9 area, on marl, limestone and sandstone soil. The unity and character of this 11.40 hectare vineyard mean that it is an ideal place to start. It produces wines of great precision, fresh and full-bodied, with remarkable balance.<\/p>\n<p>[\/vc_column_text][vc_btn title=&#8221;More information&#8221; style=&#8221;custom&#8221; custom_text=&#8221;#000000&#8243; shape=&#8221;square&#8221; align=&#8221;center&#8221; el_class=&#8221;btn-underline&#8221; link=&#8221;url:https%3A%2F%2Fwww.vins-ribeauville.com%2Fen%2Fgrand-cru-kirchberg-de-ribeauville%2F|&#8221;][\/vc_column_inner][vc_column_inner width=&#8221;1\/4&#8243;][\/vc_column_inner][\/vc_row_inner][vc_row_inner equal_height=&#8221;yes&#8221; content_placement=&#8221;middle&#8221; _et_uniqid=&#8221;et_custom_uniqid_new_65dca688a09ee&#8221; el_class=&#8221;product-content picto-line&#8221;][vc_column_inner width=&#8221;1\/4&#8243;][vc_single_image image=&#8221;9058&#8243; img_size=&#8221;full&#8221; alignment=&#8221;center&#8221;][vc_custom_heading text=&#8221;medium-dry&#8221; font_container=&#8221;tag:p|font_size:26px|text_align:center|color:%23000000&#8243; google_fonts=&#8221;font_family:PlayfairDisplay%3A&#8221; el_class=&#8221;no-uppercase&#8221; css=&#8221;.vc_custom_1705568025900{margin-bottom: 10px !important;}&#8221;][vc_column_text]<\/p>\n<p style=\"text-align: center;\">Sweetness<\/p>\n<p>[\/vc_column_text][\/vc_column_inner][vc_column_inner width=&#8221;1\/4&#8243;][vc_single_image image=&#8221;8964&#8243; img_size=&#8221;full&#8221; alignment=&#8221;center&#8221;][vc_custom_heading text=&#8221;Between 10\u00b0 and 12\u00b0 C&#8221; font_container=&#8221;tag:p|font_size:26px|text_align:center|color:%23000000&#8243; google_fonts=&#8221;font_family:PlayfairDisplay%3A&#8221; el_class=&#8221;no-uppercase&#8221; css=&#8221;.vc_custom_1699279683996{margin-bottom: 10px !important;}&#8221;][vc_column_text]<\/p>\n<p style=\"text-align: center;\">Service<\/p>\n<p>[\/vc_column_text][\/vc_column_inner][vc_column_inner width=&#8221;1\/4&#8243;][vc_single_image image=&#8221;9068&#8243; img_size=&#8221;full&#8221; alignment=&#8221;center&#8221;][vc_custom_heading text=&#8221;+ over 10 years&#8221; font_container=&#8221;tag:p|font_size:26px|text_align:center|color:%23000000&#8243; google_fonts=&#8221;font_family:PlayfairDisplay%3A&#8221; el_class=&#8221;no-uppercase&#8221; css=&#8221;.vc_custom_1701248993673{margin-bottom: 10px !important;}&#8221;][vc_column_text]<\/p>\n<p style=\"text-align: center;\">Ageing<\/p>\n<p>[\/vc_column_text][\/vc_column_inner][vc_column_inner width=&#8221;1\/4&#8243;][vc_single_image image=&#8221;9069&#8243; img_size=&#8221;full&#8221; alignment=&#8221;center&#8221;][vc_custom_heading text=&#8221;Stony clay&#8221; font_container=&#8221;tag:p|font_size:26px|text_align:center|color:%23000000&#8243; google_fonts=&#8221;font_family:PlayfairDisplay%3A&#8221; el_class=&#8221;no-uppercase&#8221; css=&#8221;.vc_custom_1702304191059{margin-bottom: 10px !important;}&#8221;][vc_column_text]<\/p>\n<p style=\"text-align: center;\">Terroir<\/p>\n<p>[\/vc_column_text][\/vc_column_inner][\/vc_row_inner][vc_empty_space height=&#8221;40px&#8221;][vc_btn title=&#8221;I order&#8221; style=&#8221;custom&#8221; custom_text=&#8221;#000000&#8243; shape=&#8221;square&#8221; align=&#8221;center&#8221; el_class=&#8221;btn-underline&#8221; link=&#8221;url:https%3A%2F%2Fboutique.vins-ribeauville.com%2Fproduit%2Fpinot-gris-grand-cru-kirchberg%2F|&#8221;][\/vc_column][\/vc_row][vc_row css=&#8221;.vc_custom_1690213389273{margin-bottom: 0px !important;padding-bottom: 0px !important;}&#8221; _et_uniqid=&#8221;et_custom_uniqid_new_64be9c062ba38&#8243; el_class=&#8221;product-content&#8221;][vc_column][vc_single_image image=&#8221;9029&#8243; img_size=&#8221;full&#8221; alignment=&#8221;center&#8221; css=&#8221;.vc_custom_1690285800318{margin-top: 0px !important;margin-bottom: 0px !important;padding-top: 0px !important;padding-bottom: 0px !important;}&#8221;][\/vc_column][\/vc_row][vc_row full_width=&#8221;stretch_row_content&#8221; css_animation=&#8221;none&#8221; css=&#8221;.vc_custom_1708959422673{margin-top: 0px !important;margin-right: 0px !important;margin-bottom: 0px !important;margin-left: 0px !important;padding-top: 0px !important;padding-right: 0px !important;padding-bottom: 0px !important;padding-left: 0px !important;background-image: url(https:\/\/www.vins-ribeauville.com\/wp-content\/uploads\/2024\/02\/bg-strate-noire-bottom.png?id=75161) !important;background-position: 0 0 !important;background-repeat: no-repeat !important;}&#8221; _et_uniqid=&#8221;et_custom_uniqid_new_65dca6adb44bb&#8221; el_class=&#8221;dark black-after&#8221;][vc_column css=&#8221;.vc_custom_1688460795659{padding-top: 0px !important;padding-right: 0px !important;padding-bottom: 0px !important;padding-left: 0px !important;}&#8221; _et_uniqid=&#8221;et_custom_uniqid_new_64a3ddf4899df&#8221;][vc_row_inner content_placement=&#8221;middle&#8221; gap=&#8221;30&#8243; _et_uniqid=&#8221;et_custom_uniqid_new_64a419567e2af&#8221;][vc_column_inner width=&#8221;1\/2&#8243; css=&#8221;.vc_custom_1688398746638{margin-top: 0px !important;margin-right: 0px !important;margin-bottom: 0px !important;margin-left: 0px !important;padding-top: 0px !important;padding-right: 0px !important;padding-bottom: 0px !important;padding-left: 0px !important;}&#8221; _et_uniqid=&#8221;et_custom_uniqid_new_64a2eb8e9fda9&#8243;][vc_single_image image=&#8221;9042&#8243; img_size=&#8221;full&#8221;][\/vc_column_inner][vc_column_inner el_class=&#8221;subtitle&#8221; width=&#8221;1\/2&#8243; css=&#8221;.vc_custom_1708959401933{padding-right: 260px !important;padding-left: 0px !important;}&#8221; _et_uniqid=&#8221;et_custom_uniqid_new_65dca69395d3d&#8221;][vc_custom_heading text=&#8221;Winemaking&#8221; font_container=&#8221;tag:h2|font_size:42px|text_align:center|color:%23ffffff&#8221; google_fonts=&#8221;font_family:PlayfairDisplay-Italic%3A&#8221; css_animation=&#8221;slideInUp&#8221; el_class=&#8221;no-uppercase&#8221; css=&#8221;.vc_custom_1690557662633{margin-bottom: 15px !important;}&#8221;][vc_column_text css_animation=&#8221;slideInUp&#8221; css=&#8221;.vc_custom_1705568309142{margin-bottom: 25px !important;}&#8221;]<\/p>\n<p style=\"text-align: center;\">The grapes are harvested exclusively by hand. Whole bunches are pressed in pneumatic presses to avoid any crushing and to respect the raw material as much as possible. The juices are separated to optimise the quality of our wines. After static settling, the wines ferment under temperature control at around 21\u00b0-22\u00b0, and are then matured on fine lees for 9 to 11 months. After filtration, the wines are bottled all at once and matured in our cellars for a minimum of 2 to 3 years.<\/p>\n<p>[\/vc_column_text][vc_custom_heading text=&#8221;Tasting&#8221; font_container=&#8221;tag:h2|font_size:42px|text_align:center|color:%23ffffff&#8221; google_fonts=&#8221;font_family:PlayfairDisplay-Italic%3A&#8221; css_animation=&#8221;slideInUp&#8221; el_class=&#8221;no-uppercase&#8221; css=&#8221;.vc_custom_1690557677791{margin-bottom: 15px !important;}&#8221;][vc_column_text css_animation=&#8221;slideInUp&#8221; css=&#8221;.vc_custom_1705568462498{margin-bottom: 25px !important;}&#8221;]<\/p>\n<p style=\"text-align: center;\">This Ribeauvill\u00e9 Pinot Gris Grand Cru has an intense nose with typical smoky notes underlined by a hint of candied fig. Full-bodied and structured on the palate, with a well-balanced finish.<\/p>\n<p>[\/vc_column_text][vc_empty_space height=&#8221;40px&#8221;][vc_btn title=&#8221;Buy this cuvee&#8221; style=&#8221;custom&#8221; custom_text=&#8221;#ffffff&#8221; shape=&#8221;square&#8221; align=&#8221;center&#8221; el_class=&#8221;btn-underline center btn-plus&#8221; css=&#8221;.vc_custom_1706196437494{margin-top: 45px !important;}&#8221; link=&#8221;url:https%3A%2F%2Fboutique.vins-ribeauville.com%2Fproduit%2Fpinot-gris-grand-cru-kirchberg%2F|&#8221;][\/vc_column_inner][\/vc_row_inner][\/vc_column][\/vc_row][vc_row full_width=&#8221;stretch_row&#8221; css_animation=&#8221;slideInUp&#8221; css=&#8221;.vc_custom_1709212267212{margin-top: -5px !important;padding-top: 0px !important;padding-bottom: 0px !important;background-image: url(https:\/\/www.vins-ribeauville.com\/wp-content\/uploads\/2023\/07\/bg-header-produits.png?id=8978) !important;background-position: center !important;background-repeat: no-repeat !important;background-size: cover !important;}&#8221; _et_uniqid=&#8221;et_custom_uniqid_new_65e08267a758d&#8221; el_class=&#8221;light top1 line&#8221;][vc_column css=&#8221;.vc_custom_1690285716751{padding-top: 60px !important;}&#8221; _et_uniqid=&#8221;et_custom_uniqid_new_64bfb68d78c60&#8243;][vc_row_inner el_class=&#8221;product-content&#8221; _et_uniqid=&#8221;et_custom_uniqid_new_64be9d3def059&#8243;][vc_column_inner el_class=&#8221;subtitle&#8221; width=&#8221;1\/2&#8243; _et_uniqid=&#8221;et_custom_uniqid_new_65dca6ef4d7da&#8221;][vc_custom_heading text=&#8221;What to marry it with?&#8221; font_container=&#8221;tag:p|font_size:20px|text_align:right&#8221; google_fonts=&#8221;font_family:RedHatDisplay%3A&#8221; css_animation=&#8221;slideInUp&#8221; el_class=&#8221;uppercase&#8221; css=&#8221;.vc_custom_1689860498239{margin-bottom: 0px !important;padding-right: 3vw !important;}&#8221;][vc_custom_heading text=&#8221;Food and wine pairing.&#8221; font_container=&#8221;tag:h2|font_size:42px|text_align:right&#8221; google_fonts=&#8221;font_family:PlayfairDisplay-Italic%3A&#8221; css_animation=&#8221;slideInUp&#8221; el_class=&#8221;no-uppercase&#8221; css=&#8221;.vc_custom_1692947434816{margin-bottom: 10px !important;padding-right: 3vw !important;}&#8221;][vc_column_text css=&#8221;.vc_custom_1706274577609{margin-bottom: 25px !important;padding-right: 3vw !important;}&#8221;]<\/p>\n<p style=\"text-align: right;\">Discover this Pinot Gris Grand Cru as an aperitif, with warm shellfish, pan-fried foie gras, poultry in sauce, game birds and soft cheeses.<\/p>\n<p>[\/vc_column_text][vc_empty_space height=&#8221;40px&#8221;][vc_single_image image=&#8221;13423&#8243; img_size=&#8221;450&#215;499&#8243; alignment=&#8221;center&#8221;][\/vc_column_inner][vc_column_inner el_class=&#8221;no-mobile&#8221; width=&#8221;1\/2&#8243; _et_uniqid=&#8221;et_custom_uniqid_new_65dca6e773f30&#8243;][vc_single_image image=&#8221;38688&#8243; img_size=&#8221;full&#8221; alignment=&#8221;center&#8221;][\/vc_column_inner][\/vc_row_inner][vc_empty_space height=&#8221;40px&#8221;][vc_btn title=&#8221;Discover the shop&#8221; style=&#8221;custom&#8221; custom_text=&#8221;#020202&#8243; shape=&#8221;square&#8221; align=&#8221;center&#8221; el_class=&#8221;btn-underline&#8221; link=&#8221;url:https%3A%2F%2Fboutique.vins-ribeauville.com|&#8221;][\/vc_column][\/vc_row]<\/p>\n<\/div>","protected":false},"excerpt":{"rendered":"<p>[vc_row css_animation=&#8221;none&#8221; background_position=&#8221;center_bottom&#8221; css=&#8221;.vc_custom_1694439474337{padding-bottom: 50px !important;}&#8221;&#8230;<\/p>\n","protected":false},"featured_media":57040,"template":"","meta":[],"etheme_brands":[],"product_brand":[],"product_cat":[101],"product_tag":[106,97],"class_list":{"0":"post-110064","1":"product","2":"type-product","3":"status-publish","4":"has-post-thumbnail","6":"product_cat-grands-crus-en","7":"product_tag-grand-cru-kirchberg-of-ribeauville","8":"product_tag-pinot-gris-en","10":"first","11":"instock","12":"shipping-taxable","13":"product-type-simple"},"booking_location":null,"booking_location_type":null,"booking_duration":null,"booking_buffer":null,"booking_cost":null,"booking_resources":null,"acf":[],"yoast_head":"<!-- This site is optimized with the Yoast SEO plugin v27.5 - https:\/\/yoast.com\/product\/yoast-seo-wordpress\/ -->\n<title>Pinot Gris Kirchberg of Ribeauvill\u00e9 - Cave de Ribeauvill\u00e9<\/title>\n<meta name=\"description\" content=\"Ribeauvill\u00e9&#039;s Grand Cru Kirchberg produces Pinot Gris wines of great precision, fresh and full-bodied, with remarkable balance.\" \/>\n<meta name=\"robots\" content=\"index, follow, max-snippet:-1, max-image-preview:large, max-video-preview:-1\" \/>\n<link rel=\"canonical\" href=\"https:\/\/www.vins-ribeauville.com\/en\/produit\/pinot-gris-kirchberg-of-ribeauville\/\" \/>\n<meta property=\"og:locale\" content=\"en_US\" \/>\n<meta property=\"og:type\" content=\"article\" \/>\n<meta property=\"og:title\" content=\"Pinot Gris Kirchberg of Ribeauvill\u00e9 - Cave de Ribeauvill\u00e9\" \/>\n<meta property=\"og:description\" content=\"Ribeauvill\u00e9&#039;s Grand Cru Kirchberg produces Pinot Gris wines of great precision, fresh and full-bodied, with remarkable balance.\" \/>\n<meta property=\"og:url\" content=\"https:\/\/www.vins-ribeauville.com\/en\/produit\/pinot-gris-kirchberg-of-ribeauville\/\" \/>\n<meta property=\"og:site_name\" content=\"Cave de Ribeauvill\u00e9\" \/>\n<meta property=\"article:modified_time\" content=\"2024-09-05T12:49:47+00:00\" \/>\n<meta property=\"og:image\" content=\"https:\/\/www.vins-ribeauville.com\/wp-content\/uploads\/2024\/01\/Pinot-Gris-Grand-Cru-Kirchberg-NM.png\" \/>\n\t<meta property=\"og:image:width\" content=\"1075\" \/>\n\t<meta property=\"og:image:height\" content=\"3508\" \/>\n\t<meta property=\"og:image:type\" content=\"image\/png\" \/>\n<meta name=\"twitter:card\" content=\"summary_large_image\" \/>\n<meta name=\"twitter:label1\" content=\"Est. reading time\" \/>\n\t<meta name=\"twitter:data1\" content=\"7 minutes\" \/>\n<script type=\"application\/ld+json\" class=\"yoast-schema-graph\">{\"@context\":\"https:\\\/\\\/schema.org\",\"@graph\":[{\"@type\":\"WebPage\",\"@id\":\"https:\\\/\\\/www.vins-ribeauville.com\\\/en\\\/produit\\\/pinot-gris-kirchberg-of-ribeauville\\\/\",\"url\":\"https:\\\/\\\/www.vins-ribeauville.com\\\/en\\\/produit\\\/pinot-gris-kirchberg-of-ribeauville\\\/\",\"name\":\"Pinot Gris Kirchberg of Ribeauvill\u00e9 - Cave de Ribeauvill\u00e9\",\"isPartOf\":{\"@id\":\"https:\\\/\\\/www.vins-ribeauville.com\\\/en\\\/#website\"},\"primaryImageOfPage\":{\"@id\":\"https:\\\/\\\/www.vins-ribeauville.com\\\/en\\\/produit\\\/pinot-gris-kirchberg-of-ribeauville\\\/#primaryimage\"},\"image\":{\"@id\":\"https:\\\/\\\/www.vins-ribeauville.com\\\/en\\\/produit\\\/pinot-gris-kirchberg-of-ribeauville\\\/#primaryimage\"},\"thumbnailUrl\":\"https:\\\/\\\/www.vins-ribeauville.com\\\/wp-content\\\/uploads\\\/2024\\\/01\\\/Pinot-Gris-Grand-Cru-Kirchberg-NM-scaled.png\",\"datePublished\":\"2024-01-18T08:46:46+00:00\",\"dateModified\":\"2024-09-05T12:49:47+00:00\",\"description\":\"Ribeauvill\u00e9's Grand Cru Kirchberg produces Pinot Gris wines of great precision, fresh and full-bodied, with remarkable balance.\",\"breadcrumb\":{\"@id\":\"https:\\\/\\\/www.vins-ribeauville.com\\\/en\\\/produit\\\/pinot-gris-kirchberg-of-ribeauville\\\/#breadcrumb\"},\"inLanguage\":\"en-US\",\"potentialAction\":[{\"@type\":\"ReadAction\",\"target\":[\"https:\\\/\\\/www.vins-ribeauville.com\\\/en\\\/produit\\\/pinot-gris-kirchberg-of-ribeauville\\\/\"]}]},{\"@type\":\"ImageObject\",\"inLanguage\":\"en-US\",\"@id\":\"https:\\\/\\\/www.vins-ribeauville.com\\\/en\\\/produit\\\/pinot-gris-kirchberg-of-ribeauville\\\/#primaryimage\",\"url\":\"https:\\\/\\\/www.vins-ribeauville.com\\\/wp-content\\\/uploads\\\/2024\\\/01\\\/Pinot-Gris-Grand-Cru-Kirchberg-NM-scaled.png\",\"contentUrl\":\"https:\\\/\\\/www.vins-ribeauville.com\\\/wp-content\\\/uploads\\\/2024\\\/01\\\/Pinot-Gris-Grand-Cru-Kirchberg-NM-scaled.png\",\"width\":784,\"height\":2560},{\"@type\":\"BreadcrumbList\",\"@id\":\"https:\\\/\\\/www.vins-ribeauville.com\\\/en\\\/produit\\\/pinot-gris-kirchberg-of-ribeauville\\\/#breadcrumb\",\"itemListElement\":[{\"@type\":\"ListItem\",\"position\":1,\"name\":\"Accueil\",\"item\":\"https:\\\/\\\/www.vins-ribeauville.com\\\/en\\\/alsace-wine-cremants\\\/\"},{\"@type\":\"ListItem\",\"position\":2,\"name\":\"Products\",\"item\":\"https:\\\/\\\/www.vins-ribeauville.com\\\/en\\\/shop\\\/\"},{\"@type\":\"ListItem\",\"position\":3,\"name\":\"Pinot Gris Kirchberg of Ribeauvill\u00e9\"}]},{\"@type\":\"WebSite\",\"@id\":\"https:\\\/\\\/www.vins-ribeauville.com\\\/en\\\/#website\",\"url\":\"https:\\\/\\\/www.vins-ribeauville.com\\\/en\\\/\",\"name\":\"Cave de Ribeauvill\u00e9\",\"description\":\"De nos terroirs naissent des tr\u00e9sors\",\"potentialAction\":[{\"@type\":\"SearchAction\",\"target\":{\"@type\":\"EntryPoint\",\"urlTemplate\":\"https:\\\/\\\/www.vins-ribeauville.com\\\/en\\\/?s={search_term_string}\"},\"query-input\":{\"@type\":\"PropertyValueSpecification\",\"valueRequired\":true,\"valueName\":\"search_term_string\"}}],\"inLanguage\":\"en-US\"}]}<\/script>\n<!-- \/ Yoast SEO plugin. -->","yoast_head_json":{"title":"Pinot Gris Kirchberg of Ribeauvill\u00e9 - Cave de Ribeauvill\u00e9","description":"Ribeauvill\u00e9's Grand Cru Kirchberg produces Pinot Gris wines of great precision, fresh and full-bodied, with remarkable balance.","robots":{"index":"index","follow":"follow","max-snippet":"max-snippet:-1","max-image-preview":"max-image-preview:large","max-video-preview":"max-video-preview:-1"},"canonical":"https:\/\/www.vins-ribeauville.com\/en\/produit\/pinot-gris-kirchberg-of-ribeauville\/","og_locale":"en_US","og_type":"article","og_title":"Pinot Gris Kirchberg of Ribeauvill\u00e9 - Cave de Ribeauvill\u00e9","og_description":"Ribeauvill\u00e9's Grand Cru Kirchberg produces Pinot Gris wines of great precision, fresh and full-bodied, with remarkable balance.","og_url":"https:\/\/www.vins-ribeauville.com\/en\/produit\/pinot-gris-kirchberg-of-ribeauville\/","og_site_name":"Cave de Ribeauvill\u00e9","article_modified_time":"2024-09-05T12:49:47+00:00","og_image":[{"width":1075,"height":3508,"url":"https:\/\/www.vins-ribeauville.com\/wp-content\/uploads\/2024\/01\/Pinot-Gris-Grand-Cru-Kirchberg-NM.png","type":"image\/png"}],"twitter_card":"summary_large_image","twitter_misc":{"Est. reading time":"7 minutes"},"schema":{"@context":"https:\/\/schema.org","@graph":[{"@type":"WebPage","@id":"https:\/\/www.vins-ribeauville.com\/en\/produit\/pinot-gris-kirchberg-of-ribeauville\/","url":"https:\/\/www.vins-ribeauville.com\/en\/produit\/pinot-gris-kirchberg-of-ribeauville\/","name":"Pinot Gris Kirchberg of Ribeauvill\u00e9 - Cave de Ribeauvill\u00e9","isPartOf":{"@id":"https:\/\/www.vins-ribeauville.com\/en\/#website"},"primaryImageOfPage":{"@id":"https:\/\/www.vins-ribeauville.com\/en\/produit\/pinot-gris-kirchberg-of-ribeauville\/#primaryimage"},"image":{"@id":"https:\/\/www.vins-ribeauville.com\/en\/produit\/pinot-gris-kirchberg-of-ribeauville\/#primaryimage"},"thumbnailUrl":"https:\/\/www.vins-ribeauville.com\/wp-content\/uploads\/2024\/01\/Pinot-Gris-Grand-Cru-Kirchberg-NM-scaled.png","datePublished":"2024-01-18T08:46:46+00:00","dateModified":"2024-09-05T12:49:47+00:00","description":"Ribeauvill\u00e9's Grand Cru Kirchberg produces Pinot Gris wines of great precision, fresh and full-bodied, with remarkable balance.","breadcrumb":{"@id":"https:\/\/www.vins-ribeauville.com\/en\/produit\/pinot-gris-kirchberg-of-ribeauville\/#breadcrumb"},"inLanguage":"en-US","potentialAction":[{"@type":"ReadAction","target":["https:\/\/www.vins-ribeauville.com\/en\/produit\/pinot-gris-kirchberg-of-ribeauville\/"]}]},{"@type":"ImageObject","inLanguage":"en-US","@id":"https:\/\/www.vins-ribeauville.com\/en\/produit\/pinot-gris-kirchberg-of-ribeauville\/#primaryimage","url":"https:\/\/www.vins-ribeauville.com\/wp-content\/uploads\/2024\/01\/Pinot-Gris-Grand-Cru-Kirchberg-NM-scaled.png","contentUrl":"https:\/\/www.vins-ribeauville.com\/wp-content\/uploads\/2024\/01\/Pinot-Gris-Grand-Cru-Kirchberg-NM-scaled.png","width":784,"height":2560},{"@type":"BreadcrumbList","@id":"https:\/\/www.vins-ribeauville.com\/en\/produit\/pinot-gris-kirchberg-of-ribeauville\/#breadcrumb","itemListElement":[{"@type":"ListItem","position":1,"name":"Accueil","item":"https:\/\/www.vins-ribeauville.com\/en\/alsace-wine-cremants\/"},{"@type":"ListItem","position":2,"name":"Products","item":"https:\/\/www.vins-ribeauville.com\/en\/shop\/"},{"@type":"ListItem","position":3,"name":"Pinot Gris Kirchberg of Ribeauvill\u00e9"}]},{"@type":"WebSite","@id":"https:\/\/www.vins-ribeauville.com\/en\/#website","url":"https:\/\/www.vins-ribeauville.com\/en\/","name":"Cave de Ribeauvill\u00e9","description":"De nos terroirs naissent des tr\u00e9sors","potentialAction":[{"@type":"SearchAction","target":{"@type":"EntryPoint","urlTemplate":"https:\/\/www.vins-ribeauville.com\/en\/?s={search_term_string}"},"query-input":{"@type":"PropertyValueSpecification","valueRequired":true,"valueName":"search_term_string"}}],"inLanguage":"en-US"}]}},"_links":{"self":[{"href":"https:\/\/www.vins-ribeauville.com\/en\/wp-json\/wp\/v2\/product\/110064","targetHints":{"allow":["GET"]}}],"collection":[{"href":"https:\/\/www.vins-ribeauville.com\/en\/wp-json\/wp\/v2\/product"}],"about":[{"href":"https:\/\/www.vins-ribeauville.com\/en\/wp-json\/wp\/v2\/types\/product"}],"wp:featuredmedia":[{"embeddable":true,"href":"https:\/\/www.vins-ribeauville.com\/en\/wp-json\/wp\/v2\/media\/57040"}],"wp:attachment":[{"href":"https:\/\/www.vins-ribeauville.com\/en\/wp-json\/wp\/v2\/media?parent=110064"}],"wp:term":[{"taxonomy":"brand","embeddable":true,"href":"https:\/\/www.vins-ribeauville.com\/en\/wp-json\/wp\/v2\/etheme_brands?post=110064"},{"taxonomy":"product_brand","embeddable":true,"href":"https:\/\/www.vins-ribeauville.com\/en\/wp-json\/wp\/v2\/product_brand?post=110064"},{"taxonomy":"product_cat","embeddable":true,"href":"https:\/\/www.vins-ribeauville.com\/en\/wp-json\/wp\/v2\/product_cat?post=110064"},{"taxonomy":"product_tag","embeddable":true,"href":"https:\/\/www.vins-ribeauville.com\/en\/wp-json\/wp\/v2\/product_tag?post=110064"}],"curies":[{"name":"wp","href":"https:\/\/api.w.org\/{rel}","templated":true}]}}