{"id":110099,"date":"2023-11-09T09:45:59","date_gmt":"2023-11-09T08:45:59","guid":{"rendered":"https:\/\/www.vins-ribeauville.com\/produit\/cremant-giersberger-chardonnay\/"},"modified":"2024-09-05T15:54:26","modified_gmt":"2024-09-05T13:54:26","slug":"cremant-giersberger-chardonnay","status":"publish","type":"product","link":"https:\/\/www.vins-ribeauville.com\/en\/produit\/cremant-giersberger-chardonnay\/","title":{"rendered":"Cr\u00e9mant Giersberger Chardonnay"},"content":{"rendered":"<div class=\"wpb-content-wrapper\"><p>[vc_row css_animation=&#8221;none&#8221; background_position=&#8221;center_bottom&#8221; css=&#8221;.vc_custom_1694439474337{padding-bottom: 50px !important;}&#8221; _et_uniqid=&#8221;et_custom_uniqid_new_64ff182dc30bf&#8221;][vc_column _et_uniqid=&#8221;et_custom_uniqid_new_64bfba429cfc5&#8243;][vc_raw_html]W2hlYWRlcl9wcm9kdWl0XQ==[\/vc_raw_html][\/vc_column][\/vc_row][vc_row css_animation=&#8221;none&#8221; background_position=&#8221;center_bottom&#8221; css=&#8221;.vc_custom_1692803751509{margin-top: -25px !important;padding-top: 100px !important;padding-bottom: 50px !important;background-position: center !important;background-repeat: no-repeat !important;background-size: cover !important;}&#8221; _et_uniqid=&#8221;et_custom_uniqid_new_64e622a3a3ed4&#8243; el_id=&#8221;cuvees&#8221;][vc_column _et_uniqid=&#8221;et_custom_uniqid_new_64bfba429cfc5&#8243;][vc_row_inner el_class=&#8221;product-content picto-line&#8221; _et_uniqid=&#8221;et_custom_uniqid_new_65dc678e2daa0&#8243;][vc_column_inner width=&#8221;1\/4&#8243;][\/vc_column_inner][vc_column_inner el_class=&#8221;subtitle&#8221; width=&#8221;1\/2&#8243; _et_uniqid=&#8221;et_custom_uniqid_new_65dc67505719f&#8221;][vc_custom_heading text=&#8221;Festive bubbles&#8221; font_container=&#8221;tag:p|font_size:20px|text_align:center&#8221; google_fonts=&#8221;font_family:RedHatDisplay%3A&#8221; css_animation=&#8221;slideInUp&#8221; el_class=&#8221;uppercase&#8221; css=&#8221;.vc_custom_1695303577804{margin-bottom: 0px !important;}&#8221;][vc_custom_heading text=&#8221;Cr\u00e9mant Giersberger Chardonnay.&#8221; font_container=&#8221;tag:h2|font_size:42px|text_align:center&#8221; google_fonts=&#8221;font_family:PlayfairDisplay-Italic%3A&#8221; css_animation=&#8221;slideInUp&#8221; el_class=&#8221;no-uppercase&#8221; css=&#8221;.vc_custom_1697789306603{margin-bottom: 15px !important;}&#8221;][vc_column_text css_animation=&#8221;slideInUp&#8221; css=&#8221;.vc_custom_1697789382824{margin-bottom: 25px !important;}&#8221;]<\/p>\n<p style=\"text-align: center;\">This Cr\u00e9mant Blanc de Blancs is made using the traditional method only from Chardonnay grapes. Its fine, fresh, sparkling bubbles make it the ideal companion for your most beautiful celebrations.<\/p>\n<p>[\/vc_column_text][\/vc_column_inner][vc_column_inner width=&#8221;1\/4&#8243;][\/vc_column_inner][\/vc_row_inner][vc_row_inner equal_height=&#8221;yes&#8221; content_placement=&#8221;middle&#8221; _et_uniqid=&#8221;et_custom_uniqid_new_65dcb5d43d13b&#8221; el_class=&#8221;product-content picto-line&#8221;][vc_column_inner width=&#8221;1\/4&#8243;][vc_single_image image=&#8221;9058&#8243; img_size=&#8221;full&#8221; alignment=&#8221;center&#8221;][vc_custom_heading text=&#8221;Brut&#8221; font_container=&#8221;tag:p|font_size:26px|text_align:center|color:%23000000&#8243; google_fonts=&#8221;font_family:PlayfairDisplay%3A&#8221; el_class=&#8221;no-uppercase&#8221; css=&#8221;.vc_custom_1695303604451{margin-bottom: 10px !important;}&#8221;][vc_column_text]<\/p>\n<p style=\"text-align: center;\">Sweetness<\/p>\n<p>[\/vc_column_text][\/vc_column_inner][vc_column_inner width=&#8221;1\/4&#8243;][vc_single_image image=&#8221;8964&#8243; img_size=&#8221;full&#8221; alignment=&#8221;center&#8221;][vc_custom_heading text=&#8221;Between 6\u00b0 and 8&#8243; font_container=&#8221;tag:p|font_size:26px|text_align:center|color:%23000000&#8243; google_fonts=&#8221;font_family:PlayfairDisplay%3A&#8221; el_class=&#8221;no-uppercase&#8221; css=&#8221;.vc_custom_1695303613766{margin-bottom: 10px !important;}&#8221;][vc_column_text]<\/p>\n<p style=\"text-align: center;\">Service<\/p>\n<p>[\/vc_column_text][\/vc_column_inner][vc_column_inner width=&#8221;1\/4&#8243;][vc_single_image image=&#8221;9068&#8243; img_size=&#8221;full&#8221; alignment=&#8221;center&#8221;][vc_custom_heading text=&#8221;Up to 2 years&#8221; font_container=&#8221;tag:p|font_size:26px|text_align:center|color:%23000000&#8243; google_fonts=&#8221;font_family:PlayfairDisplay%3A&#8221; el_class=&#8221;no-uppercase&#8221; css=&#8221;.vc_custom_1695304398763{margin-bottom: 10px !important;}&#8221;][vc_column_text]<\/p>\n<p style=\"text-align: center;\">Ageing<\/p>\n<p>[\/vc_column_text][\/vc_column_inner][vc_column_inner width=&#8221;1\/4&#8243;][vc_single_image image=&#8221;9069&#8243; img_size=&#8221;full&#8221; alignment=&#8221;center&#8221;][vc_custom_heading text=&#8221;Diverse&#8221; font_container=&#8221;tag:p|font_size:26px|text_align:center|color:%23000000&#8243; google_fonts=&#8221;font_family:PlayfairDisplay%3A&#8221; el_class=&#8221;no-uppercase&#8221; css=&#8221;.vc_custom_1692947907987{margin-bottom: 10px !important;}&#8221;][vc_column_text]<\/p>\n<p style=\"text-align: center;\">Terroir<\/p>\n<p>[\/vc_column_text][\/vc_column_inner][\/vc_row_inner][vc_empty_space height=&#8221;40px&#8221;][vc_row_inner el_class=&#8221;product-content picto-line&#8221; _et_uniqid=&#8221;et_custom_uniqid_new_65dc678e2daa0&#8243;][vc_column_inner width=&#8221;1\/4&#8243;][\/vc_column_inner][vc_column_inner el_class=&#8221;subtitle&#8221; width=&#8221;1\/2&#8243; _et_uniqid=&#8221;et_custom_uniqid_new_65dc67505719f&#8221;][vc_custom_heading text=&#8221;Tribute to the Three Castles of Ribeauvill\u00e9.&#8221; font_container=&#8221;tag:h2|font_size:30px|text_align:center&#8221; google_fonts=&#8221;font_family:PlayfairDisplay-Italic%3A&#8221; css_animation=&#8221;slideInUp&#8221; el_class=&#8221;no-uppercase&#8221; css=&#8221;.vc_custom_1713793842459{margin-bottom: 15px !important;}&#8221;][vc_column_text css_animation=&#8221;slideInUp&#8221; css=&#8221;.vc_custom_1713793862868{margin-bottom: 25px !important;}&#8221;]<\/p>\n<p style=\"text-align: center;\">The evocative and poetic name \u2018Giersberger\u2019 pays homage to Ribeauvill\u00e9&#8217;s famous Three Castles, historic jewels perched high above the town. Like Giersberg Castle, which proudly dominates the region, our Cr\u00e9mant d&#8217;Alsace Giersberger Chardonnay stands out for its unique character and finesse.<\/p>\n<p>[\/vc_column_text][\/vc_column_inner][vc_column_inner width=&#8221;1\/4&#8243;][\/vc_column_inner][\/vc_row_inner][vc_empty_space height=&#8221;40px&#8221;][vc_btn title=&#8221;I order&#8221; style=&#8221;custom&#8221; custom_text=&#8221;#000000&#8243; shape=&#8221;square&#8221; align=&#8221;center&#8221; el_class=&#8221;btn-underline&#8221; link=&#8221;url:https%3A%2F%2Fboutique.vins-ribeauville.com%2Fproduit%2Fcremant-giersberger-chardonnay%2F|&#8221;][\/vc_column][\/vc_row][vc_row css=&#8221;.vc_custom_1690213389273{margin-bottom: 0px !important;padding-bottom: 0px !important;}&#8221; _et_uniqid=&#8221;et_custom_uniqid_new_64be9c062ba38&#8243; el_class=&#8221;product-content&#8221;][vc_column][vc_single_image image=&#8221;9029&#8243; img_size=&#8221;full&#8221; alignment=&#8221;center&#8221; css=&#8221;.vc_custom_1690285800318{margin-top: 0px !important;margin-bottom: 0px !important;padding-top: 0px !important;padding-bottom: 0px !important;}&#8221;][\/vc_column][\/vc_row][vc_row full_width=&#8221;stretch_row_content&#8221; css_animation=&#8221;none&#8221; css=&#8221;.vc_custom_1708943294731{margin-top: 0px !important;margin-right: 0px !important;margin-bottom: 0px !important;margin-left: 0px !important;padding-top: 0px !important;padding-right: 0px !important;padding-bottom: 0px !important;padding-left: 0px !important;background-image: url(https:\/\/www.vins-ribeauville.com\/wp-content\/uploads\/2024\/02\/bg-strate-noire-bottom.png?id=75161) !important;background-position: 0 0 !important;background-repeat: no-repeat !important;}&#8221; _et_uniqid=&#8221;et_custom_uniqid_new_65dc67a606a54&#8243; el_class=&#8221;dark black-after&#8221;][vc_column css=&#8221;.vc_custom_1688460795659{padding-top: 0px !important;padding-right: 0px !important;padding-bottom: 0px !important;padding-left: 0px !important;}&#8221; _et_uniqid=&#8221;et_custom_uniqid_new_64a3ddf4899df&#8221;][vc_row_inner content_placement=&#8221;middle&#8221; gap=&#8221;30&#8243; _et_uniqid=&#8221;et_custom_uniqid_new_64a419567e2af&#8221;][vc_column_inner width=&#8221;1\/2&#8243; css=&#8221;.vc_custom_1688398746638{margin-top: 0px !important;margin-right: 0px !important;margin-bottom: 0px !important;margin-left: 0px !important;padding-top: 0px !important;padding-right: 0px !important;padding-bottom: 0px !important;padding-left: 0px !important;}&#8221; _et_uniqid=&#8221;et_custom_uniqid_new_64a2eb8e9fda9&#8243;][vc_single_image image=&#8221;13800&#8243; img_size=&#8221;full&#8221;][\/vc_column_inner][vc_column_inner el_class=&#8221;subtitle&#8221; width=&#8221;1\/2&#8243; css=&#8221;.vc_custom_1708963294700{padding-right: 260px !important;padding-left: 0px !important;}&#8221; _et_uniqid=&#8221;et_custom_uniqid_new_65dcb5d9abb2e&#8221;][vc_custom_heading text=&#8221;Winemaking&#8221; font_container=&#8221;tag:h2|font_size:42px|text_align:center|color:%23ffffff&#8221; google_fonts=&#8221;font_family:PlayfairDisplay-Italic%3A&#8221; css_animation=&#8221;slideInUp&#8221; el_class=&#8221;no-uppercase&#8221; css=&#8221;.vc_custom_1690557662633{margin-bottom: 15px !important;}&#8221;][vc_column_text css_animation=&#8221;slideInUp&#8221; css=&#8221;.vc_custom_1697789461764{margin-bottom: 25px !important;}&#8221;]<\/p>\n<p style=\"text-align: center;\">This Cr\u00e9mant is 100% Chardonnay. The grapes are harvested exclusively by hand. This Cr\u00e9mant is made in the purest respect for traditional methods, with a second fermentation in the bottle, followed by at least 12 months&#8217; ageing on laths. A dosage of 9g\/l at disgorgement gives it its brut character.<\/p>\n<p>[\/vc_column_text][vc_custom_heading text=&#8221;Tasting&#8221; font_container=&#8221;tag:h2|font_size:42px|text_align:center|color:%23ffffff&#8221; google_fonts=&#8221;font_family:PlayfairDisplay-Italic%3A&#8221; css_animation=&#8221;slideInUp&#8221; el_class=&#8221;no-uppercase&#8221; css=&#8221;.vc_custom_1690557677791{margin-bottom: 15px !important;}&#8221;][vc_column_text css_animation=&#8221;slideInUp&#8221; css=&#8221;.vc_custom_1697789615971{margin-bottom: 25px !important;}&#8221;]<\/p>\n<p style=\"text-align: center;\">The mousse and bubbles of this Cr\u00e9mant Chardonnay are light and abundant. The nose develops aromas of citrus fruit and white peaches, which are repeated on the palate. This is a Cr\u00e9mant of great finesse that perfectly combines length, balance and extreme freshness.<\/p>\n<p>[\/vc_column_text][vc_empty_space height=&#8221;40px&#8221;][vc_btn title=&#8221;Buy this cuvee&#8221; style=&#8221;custom&#8221; custom_text=&#8221;#ffffff&#8221; shape=&#8221;square&#8221; align=&#8221;center&#8221; el_class=&#8221;btn-underline center btn-plus&#8221; css=&#8221;.vc_custom_1705568148624{margin-top: 45px !important;}&#8221; link=&#8221;url:https%3A%2F%2Fboutique.vins-ribeauville.com%2Fproduit%2Fcremant-giersberger-chardonnay%2F|&#8221;][\/vc_column_inner][\/vc_row_inner][\/vc_column][\/vc_row][vc_row full_width=&#8221;stretch_row&#8221; css_animation=&#8221;slideInUp&#8221; css=&#8221;.vc_custom_1709197325616{margin-top: -5px !important;padding-top: 0px !important;background-image: url(https:\/\/www.vins-ribeauville.com\/wp-content\/uploads\/2023\/07\/bg-header-produits.png?id=8978) !important;background-position: center !important;background-repeat: no-repeat !important;background-size: cover !important;}&#8221; _et_uniqid=&#8221;et_custom_uniqid_new_65e04808bf5a8&#8243; el_class=&#8221;light top1 line&#8221;][vc_column css=&#8221;.vc_custom_1690285716751{padding-top: 60px !important;}&#8221; _et_uniqid=&#8221;et_custom_uniqid_new_64bfb68d78c60&#8243;][vc_row_inner el_class=&#8221;product-content&#8221; _et_uniqid=&#8221;et_custom_uniqid_new_64be9d3def059&#8243;][vc_column_inner el_class=&#8221;subtitle&#8221; width=&#8221;1\/2&#8243; _et_uniqid=&#8221;et_custom_uniqid_new_65dc67c37e335&#8243;][vc_custom_heading text=&#8221;What to marry it with?&#8221; font_container=&#8221;tag:p|font_size:20px|text_align:right&#8221; google_fonts=&#8221;font_family:RedHatDisplay%3A&#8221; css_animation=&#8221;slideInUp&#8221; el_class=&#8221;uppercase&#8221; css=&#8221;.vc_custom_1689860498239{margin-bottom: 0px !important;padding-right: 3vw !important;}&#8221;][vc_custom_heading text=&#8221;Food and wine pairing.&#8221; font_container=&#8221;tag:h2|font_size:42px|text_align:right&#8221; google_fonts=&#8221;font_family:PlayfairDisplay-Italic%3A&#8221; css_animation=&#8221;slideInUp&#8221; el_class=&#8221;no-uppercase&#8221; css=&#8221;.vc_custom_1692947434816{margin-bottom: 10px !important;padding-right: 3vw !important;}&#8221;][vc_column_text css=&#8221;.vc_custom_1697789699998{margin-bottom: 25px !important;padding-right: 3vw !important;}&#8221;]<\/p>\n<p style=\"text-align: right;\">Enjoy this Cr\u00e9mant d&#8217;Alsace as an aperitif or with dessert. It will be the ideal companion for your aperitif buffets and savoury snacks. Serve it at the end of a meal with desserts, tarts and mignardises.<\/p>\n<p style=\"text-align: right;\">A wonderful accompaniment to a festive meal.<\/p>\n<p>[\/vc_column_text][vc_empty_space height=&#8221;40px&#8221;][vc_single_image image=&#8221;16429&#8243; img_size=&#8221;450&#215;499&#8243; alignment=&#8221;center&#8221;][\/vc_column_inner][vc_column_inner el_class=&#8221;no-mobile&#8221; width=&#8221;1\/2&#8243; _et_uniqid=&#8221;et_custom_uniqid_new_65dcb5e236625&#8243;][vc_single_image image=&#8221;16462&#8243; img_size=&#8221;full&#8221; alignment=&#8221;center&#8221;][\/vc_column_inner][\/vc_row_inner][vc_empty_space height=&#8221;40px&#8221;][vc_btn title=&#8221;Discover the shop&#8221; style=&#8221;custom&#8221; custom_text=&#8221;#020202&#8243; shape=&#8221;square&#8221; align=&#8221;center&#8221; el_class=&#8221;btn-underline&#8221; link=&#8221;url:https%3A%2F%2Fboutique.vins-ribeauville.com%2F|&#8221;][\/vc_column][\/vc_row]<\/p>\n<\/div>","protected":false},"excerpt":{"rendered":"<p>[vc_row css_animation=&#8221;none&#8221; background_position=&#8221;center_bottom&#8221; css=&#8221;.vc_custom_1694439474337{padding-bottom: 50px !important;}&#8221;&#8230;<\/p>\n","protected":false},"featured_media":56775,"template":"","meta":[],"etheme_brands":[],"product_brand":[],"product_cat":[127],"product_tag":[],"class_list":{"0":"post-110099","1":"product","2":"type-product","3":"status-publish","4":"has-post-thumbnail","6":"product_cat-alsace-cremant","8":"first","9":"instock","10":"shipping-taxable","11":"product-type-simple"},"booking_location":null,"booking_location_type":null,"booking_duration":null,"booking_buffer":null,"booking_cost":null,"booking_resources":null,"acf":[],"yoast_head":"<!-- This site is optimized with the Yoast SEO plugin v27.4 - https:\/\/yoast.com\/product\/yoast-seo-wordpress\/ -->\n<title>Cr\u00e9mant Giersberger Chardonnay - Cave de Ribeauvill\u00e9<\/title>\n<meta name=\"description\" content=\"Discover our Cr\u00e9mant d&#039;Alsace Giersberger Chardonnay, the perfect festive wine. It will accompany you from aperitif to dessert.\" \/>\n<meta name=\"robots\" content=\"index, follow, max-snippet:-1, max-image-preview:large, max-video-preview:-1\" \/>\n<link rel=\"canonical\" href=\"https:\/\/www.vins-ribeauville.com\/en\/produit\/cremant-giersberger-chardonnay\/\" \/>\n<meta property=\"og:locale\" content=\"en_US\" \/>\n<meta property=\"og:type\" content=\"article\" \/>\n<meta property=\"og:title\" content=\"Cr\u00e9mant Giersberger Chardonnay - Cave de Ribeauvill\u00e9\" \/>\n<meta property=\"og:description\" content=\"Discover our Cr\u00e9mant d&#039;Alsace Giersberger Chardonnay, the perfect festive wine. It will accompany you from aperitif to dessert.\" \/>\n<meta property=\"og:url\" content=\"https:\/\/www.vins-ribeauville.com\/en\/produit\/cremant-giersberger-chardonnay\/\" \/>\n<meta property=\"og:site_name\" content=\"Cave de Ribeauvill\u00e9\" \/>\n<meta property=\"article:modified_time\" content=\"2024-09-05T13:54:26+00:00\" \/>\n<meta property=\"og:image\" content=\"https:\/\/www.vins-ribeauville.com\/wp-content\/uploads\/2023\/10\/Cremant-Chardonnay-Giersberger-Galbee.png\" \/>\n\t<meta property=\"og:image:width\" content=\"1495\" \/>\n\t<meta property=\"og:image:height\" content=\"5472\" \/>\n\t<meta property=\"og:image:type\" content=\"image\/png\" \/>\n<meta name=\"twitter:card\" content=\"summary_large_image\" \/>\n<meta name=\"twitter:label1\" content=\"Est. reading time\" \/>\n\t<meta name=\"twitter:data1\" content=\"8 minutes\" \/>\n<script type=\"application\/ld+json\" class=\"yoast-schema-graph\">{\"@context\":\"https:\\\/\\\/schema.org\",\"@graph\":[{\"@type\":\"WebPage\",\"@id\":\"https:\\\/\\\/www.vins-ribeauville.com\\\/en\\\/produit\\\/cremant-giersberger-chardonnay\\\/\",\"url\":\"https:\\\/\\\/www.vins-ribeauville.com\\\/en\\\/produit\\\/cremant-giersberger-chardonnay\\\/\",\"name\":\"Cr\u00e9mant Giersberger Chardonnay - Cave de Ribeauvill\u00e9\",\"isPartOf\":{\"@id\":\"https:\\\/\\\/www.vins-ribeauville.com\\\/en\\\/#website\"},\"primaryImageOfPage\":{\"@id\":\"https:\\\/\\\/www.vins-ribeauville.com\\\/en\\\/produit\\\/cremant-giersberger-chardonnay\\\/#primaryimage\"},\"image\":{\"@id\":\"https:\\\/\\\/www.vins-ribeauville.com\\\/en\\\/produit\\\/cremant-giersberger-chardonnay\\\/#primaryimage\"},\"thumbnailUrl\":\"https:\\\/\\\/www.vins-ribeauville.com\\\/wp-content\\\/uploads\\\/2023\\\/10\\\/Cremant-Chardonnay-Giersberger-Galbee-scaled.png\",\"datePublished\":\"2023-11-09T08:45:59+00:00\",\"dateModified\":\"2024-09-05T13:54:26+00:00\",\"description\":\"Discover our Cr\u00e9mant d'Alsace Giersberger Chardonnay, the perfect festive wine. It will accompany you from aperitif to dessert.\",\"breadcrumb\":{\"@id\":\"https:\\\/\\\/www.vins-ribeauville.com\\\/en\\\/produit\\\/cremant-giersberger-chardonnay\\\/#breadcrumb\"},\"inLanguage\":\"en-US\",\"potentialAction\":[{\"@type\":\"ReadAction\",\"target\":[\"https:\\\/\\\/www.vins-ribeauville.com\\\/en\\\/produit\\\/cremant-giersberger-chardonnay\\\/\"]}]},{\"@type\":\"ImageObject\",\"inLanguage\":\"en-US\",\"@id\":\"https:\\\/\\\/www.vins-ribeauville.com\\\/en\\\/produit\\\/cremant-giersberger-chardonnay\\\/#primaryimage\",\"url\":\"https:\\\/\\\/www.vins-ribeauville.com\\\/wp-content\\\/uploads\\\/2023\\\/10\\\/Cremant-Chardonnay-Giersberger-Galbee-scaled.png\",\"contentUrl\":\"https:\\\/\\\/www.vins-ribeauville.com\\\/wp-content\\\/uploads\\\/2023\\\/10\\\/Cremant-Chardonnay-Giersberger-Galbee-scaled.png\",\"width\":699,\"height\":2560,\"caption\":\"Bottle of Chardonnay Cr\u00e9mant Brut\"},{\"@type\":\"BreadcrumbList\",\"@id\":\"https:\\\/\\\/www.vins-ribeauville.com\\\/en\\\/produit\\\/cremant-giersberger-chardonnay\\\/#breadcrumb\",\"itemListElement\":[{\"@type\":\"ListItem\",\"position\":1,\"name\":\"Accueil\",\"item\":\"https:\\\/\\\/www.vins-ribeauville.com\\\/en\\\/alsace-wine-cremants\\\/\"},{\"@type\":\"ListItem\",\"position\":2,\"name\":\"Products\",\"item\":\"https:\\\/\\\/www.vins-ribeauville.com\\\/en\\\/shop\\\/\"},{\"@type\":\"ListItem\",\"position\":3,\"name\":\"Cr\u00e9mant Giersberger Chardonnay\"}]},{\"@type\":\"WebSite\",\"@id\":\"https:\\\/\\\/www.vins-ribeauville.com\\\/en\\\/#website\",\"url\":\"https:\\\/\\\/www.vins-ribeauville.com\\\/en\\\/\",\"name\":\"Cave de Ribeauvill\u00e9\",\"description\":\"De nos terroirs naissent des tr\u00e9sors\",\"potentialAction\":[{\"@type\":\"SearchAction\",\"target\":{\"@type\":\"EntryPoint\",\"urlTemplate\":\"https:\\\/\\\/www.vins-ribeauville.com\\\/en\\\/?s={search_term_string}\"},\"query-input\":{\"@type\":\"PropertyValueSpecification\",\"valueRequired\":true,\"valueName\":\"search_term_string\"}}],\"inLanguage\":\"en-US\"}]}<\/script>\n<!-- \/ Yoast SEO plugin. -->","yoast_head_json":{"title":"Cr\u00e9mant Giersberger Chardonnay - Cave de Ribeauvill\u00e9","description":"Discover our Cr\u00e9mant d'Alsace Giersberger Chardonnay, the perfect festive wine. It will accompany you from aperitif to dessert.","robots":{"index":"index","follow":"follow","max-snippet":"max-snippet:-1","max-image-preview":"max-image-preview:large","max-video-preview":"max-video-preview:-1"},"canonical":"https:\/\/www.vins-ribeauville.com\/en\/produit\/cremant-giersberger-chardonnay\/","og_locale":"en_US","og_type":"article","og_title":"Cr\u00e9mant Giersberger Chardonnay - Cave de Ribeauvill\u00e9","og_description":"Discover our Cr\u00e9mant d'Alsace Giersberger Chardonnay, the perfect festive wine. It will accompany you from aperitif to dessert.","og_url":"https:\/\/www.vins-ribeauville.com\/en\/produit\/cremant-giersberger-chardonnay\/","og_site_name":"Cave de Ribeauvill\u00e9","article_modified_time":"2024-09-05T13:54:26+00:00","og_image":[{"width":1495,"height":5472,"url":"https:\/\/www.vins-ribeauville.com\/wp-content\/uploads\/2023\/10\/Cremant-Chardonnay-Giersberger-Galbee.png","type":"image\/png"}],"twitter_card":"summary_large_image","twitter_misc":{"Est. reading time":"8 minutes"},"schema":{"@context":"https:\/\/schema.org","@graph":[{"@type":"WebPage","@id":"https:\/\/www.vins-ribeauville.com\/en\/produit\/cremant-giersberger-chardonnay\/","url":"https:\/\/www.vins-ribeauville.com\/en\/produit\/cremant-giersberger-chardonnay\/","name":"Cr\u00e9mant Giersberger Chardonnay - Cave de Ribeauvill\u00e9","isPartOf":{"@id":"https:\/\/www.vins-ribeauville.com\/en\/#website"},"primaryImageOfPage":{"@id":"https:\/\/www.vins-ribeauville.com\/en\/produit\/cremant-giersberger-chardonnay\/#primaryimage"},"image":{"@id":"https:\/\/www.vins-ribeauville.com\/en\/produit\/cremant-giersberger-chardonnay\/#primaryimage"},"thumbnailUrl":"https:\/\/www.vins-ribeauville.com\/wp-content\/uploads\/2023\/10\/Cremant-Chardonnay-Giersberger-Galbee-scaled.png","datePublished":"2023-11-09T08:45:59+00:00","dateModified":"2024-09-05T13:54:26+00:00","description":"Discover our Cr\u00e9mant d'Alsace Giersberger Chardonnay, the perfect festive wine. It will accompany you from aperitif to dessert.","breadcrumb":{"@id":"https:\/\/www.vins-ribeauville.com\/en\/produit\/cremant-giersberger-chardonnay\/#breadcrumb"},"inLanguage":"en-US","potentialAction":[{"@type":"ReadAction","target":["https:\/\/www.vins-ribeauville.com\/en\/produit\/cremant-giersberger-chardonnay\/"]}]},{"@type":"ImageObject","inLanguage":"en-US","@id":"https:\/\/www.vins-ribeauville.com\/en\/produit\/cremant-giersberger-chardonnay\/#primaryimage","url":"https:\/\/www.vins-ribeauville.com\/wp-content\/uploads\/2023\/10\/Cremant-Chardonnay-Giersberger-Galbee-scaled.png","contentUrl":"https:\/\/www.vins-ribeauville.com\/wp-content\/uploads\/2023\/10\/Cremant-Chardonnay-Giersberger-Galbee-scaled.png","width":699,"height":2560,"caption":"Bottle of Chardonnay Cr\u00e9mant Brut"},{"@type":"BreadcrumbList","@id":"https:\/\/www.vins-ribeauville.com\/en\/produit\/cremant-giersberger-chardonnay\/#breadcrumb","itemListElement":[{"@type":"ListItem","position":1,"name":"Accueil","item":"https:\/\/www.vins-ribeauville.com\/en\/alsace-wine-cremants\/"},{"@type":"ListItem","position":2,"name":"Products","item":"https:\/\/www.vins-ribeauville.com\/en\/shop\/"},{"@type":"ListItem","position":3,"name":"Cr\u00e9mant Giersberger Chardonnay"}]},{"@type":"WebSite","@id":"https:\/\/www.vins-ribeauville.com\/en\/#website","url":"https:\/\/www.vins-ribeauville.com\/en\/","name":"Cave de Ribeauvill\u00e9","description":"De nos terroirs naissent des tr\u00e9sors","potentialAction":[{"@type":"SearchAction","target":{"@type":"EntryPoint","urlTemplate":"https:\/\/www.vins-ribeauville.com\/en\/?s={search_term_string}"},"query-input":{"@type":"PropertyValueSpecification","valueRequired":true,"valueName":"search_term_string"}}],"inLanguage":"en-US"}]}},"_links":{"self":[{"href":"https:\/\/www.vins-ribeauville.com\/en\/wp-json\/wp\/v2\/product\/110099","targetHints":{"allow":["GET"]}}],"collection":[{"href":"https:\/\/www.vins-ribeauville.com\/en\/wp-json\/wp\/v2\/product"}],"about":[{"href":"https:\/\/www.vins-ribeauville.com\/en\/wp-json\/wp\/v2\/types\/product"}],"wp:featuredmedia":[{"embeddable":true,"href":"https:\/\/www.vins-ribeauville.com\/en\/wp-json\/wp\/v2\/media\/56775"}],"wp:attachment":[{"href":"https:\/\/www.vins-ribeauville.com\/en\/wp-json\/wp\/v2\/media?parent=110099"}],"wp:term":[{"taxonomy":"brand","embeddable":true,"href":"https:\/\/www.vins-ribeauville.com\/en\/wp-json\/wp\/v2\/etheme_brands?post=110099"},{"taxonomy":"product_brand","embeddable":true,"href":"https:\/\/www.vins-ribeauville.com\/en\/wp-json\/wp\/v2\/product_brand?post=110099"},{"taxonomy":"product_cat","embeddable":true,"href":"https:\/\/www.vins-ribeauville.com\/en\/wp-json\/wp\/v2\/product_cat?post=110099"},{"taxonomy":"product_tag","embeddable":true,"href":"https:\/\/www.vins-ribeauville.com\/en\/wp-json\/wp\/v2\/product_tag?post=110099"}],"curies":[{"name":"wp","href":"https:\/\/api.w.org\/{rel}","templated":true}]}}