{"id":110107,"date":"2023-11-09T09:45:48","date_gmt":"2023-11-09T08:45:48","guid":{"rendered":"https:\/\/www.vins-ribeauville.com\/produit\/allegro-rose\/"},"modified":"2024-09-05T16:04:45","modified_gmt":"2024-09-05T14:04:45","slug":"allegro-rose","status":"publish","type":"product","link":"https:\/\/www.vins-ribeauville.com\/en\/produit\/allegro-rose\/","title":{"rendered":"Allegro Ros\u00e9"},"content":{"rendered":"<div class=\"wpb-content-wrapper\"><p>[vc_row css_animation=&#8221;none&#8221; background_position=&#8221;center_bottom&#8221; css=&#8221;.vc_custom_1694439474337{padding-bottom: 50px !important;}&#8221; _et_uniqid=&#8221;et_custom_uniqid_new_64ff182dc30bf&#8221;][vc_column _et_uniqid=&#8221;et_custom_uniqid_new_64bfba429cfc5&#8243;][vc_raw_html]W2hlYWRlcl9wcm9kdWl0XQ==[\/vc_raw_html][\/vc_column][\/vc_row][vc_row css_animation=&#8221;none&#8221; background_position=&#8221;center_bottom&#8221; css=&#8221;.vc_custom_1692803751509{margin-top: -25px !important;padding-top: 100px !important;padding-bottom: 50px !important;background-position: center !important;background-repeat: no-repeat !important;background-size: cover !important;}&#8221; _et_uniqid=&#8221;et_custom_uniqid_new_64e622a3a3ed4&#8243; el_id=&#8221;cuvees&#8221;][vc_column _et_uniqid=&#8221;et_custom_uniqid_new_64bfba429cfc5&#8243;][vc_row_inner el_class=&#8221;product-content&#8221; _et_uniqid=&#8221;et_custom_uniqid_new_64bfba9d9f14c&#8221;][vc_column_inner width=&#8221;1\/4&#8243;][\/vc_column_inner][vc_column_inner el_class=&#8221;subtitle&#8221; width=&#8221;1\/2&#8243; _et_uniqid=&#8221;et_custom_uniqid_new_65deeb5f35ad5&#8243;][vc_custom_heading text=&#8221;A fresh, fruity wine&#8221; font_container=&#8221;tag:p|font_size:20px|text_align:center&#8221; google_fonts=&#8221;font_family:RedHatDisplay%3A&#8221; css_animation=&#8221;slideInUp&#8221; el_class=&#8221;uppercase&#8221; css=&#8221;.vc_custom_1695202795176{margin-bottom: 0px !important;}&#8221;][vc_custom_heading text=&#8221;Pinot Noir All\u00e9gro Ros\u00e9.&#8221; font_container=&#8221;tag:h2|font_size:42px|text_align:center&#8221; google_fonts=&#8221;font_family:PlayfairDisplay-Italic%3A&#8221; css_animation=&#8221;slideInUp&#8221; el_class=&#8221;no-uppercase&#8221; css=&#8221;.vc_custom_1695202785909{margin-bottom: 15px !important;}&#8221;][vc_column_text css_animation=&#8221;slideInUp&#8221; css=&#8221;.vc_custom_1695203640910{margin-bottom: 25px !important;}&#8221;]<\/p>\n<p style=\"text-align: center;\">This ros\u00e9 wine from Alsace, made from Pinot Noir grapes, has a delicate balance of acidity and fruity flavours, making it the ideal companion for sunny days and light meals.<\/p>\n<p>[\/vc_column_text][\/vc_column_inner][vc_column_inner width=&#8221;1\/4&#8243;][\/vc_column_inner][\/vc_row_inner][vc_row_inner equal_height=&#8221;yes&#8221; content_placement=&#8221;middle&#8221; _et_uniqid=&#8221;et_custom_uniqid_new_65deeb652418e&#8221; el_class=&#8221;product-content picto-line&#8221;][vc_column_inner width=&#8221;1\/4&#8243;][vc_single_image image=&#8221;9058&#8243; img_size=&#8221;full&#8221; alignment=&#8221;center&#8221;][vc_custom_heading text=&#8221;Dry&#8221; font_container=&#8221;tag:p|font_size:26px|text_align:center|color:%23000000&#8243; google_fonts=&#8221;font_family:PlayfairDisplay%3A&#8221; el_class=&#8221;no-uppercase&#8221; css=&#8221;.vc_custom_1695200674517{margin-bottom: 10px !important;}&#8221;][vc_column_text]<\/p>\n<p style=\"text-align: center;\">Sweetness<\/p>\n<p>[\/vc_column_text][\/vc_column_inner][vc_column_inner width=&#8221;1\/4&#8243;][vc_single_image image=&#8221;8964&#8243; img_size=&#8221;full&#8221; alignment=&#8221;center&#8221;][vc_custom_heading text=&#8221;Between 8\u00b0 and 10\u00b0 C&#8221; font_container=&#8221;tag:p|font_size:26px|text_align:center|color:%23000000&#8243; google_fonts=&#8221;font_family:PlayfairDisplay%3A&#8221; el_class=&#8221;no-uppercase&#8221; css=&#8221;.vc_custom_1689859386628{margin-bottom: 10px !important;}&#8221;][vc_column_text]<\/p>\n<p style=\"text-align: center;\">Service<\/p>\n<p>[\/vc_column_text][\/vc_column_inner][vc_column_inner width=&#8221;1\/4&#8243;][vc_single_image image=&#8221;9068&#8243; img_size=&#8221;full&#8221; alignment=&#8221;center&#8221;][vc_custom_heading text=&#8221;Drink young&#8221; font_container=&#8221;tag:p|font_size:26px|text_align:center|color:%23000000&#8243; google_fonts=&#8221;font_family:PlayfairDisplay%3A&#8221; el_class=&#8221;no-uppercase&#8221; css=&#8221;.vc_custom_1695202846266{margin-bottom: 10px !important;}&#8221;][vc_column_text]<\/p>\n<p style=\"text-align: center;\">Ageing<\/p>\n<p>[\/vc_column_text][\/vc_column_inner][vc_column_inner width=&#8221;1\/4&#8243;][vc_single_image image=&#8221;9069&#8243; img_size=&#8221;full&#8221; alignment=&#8221;center&#8221;][vc_custom_heading text=&#8221;Diverse&#8221; font_container=&#8221;tag:p|font_size:26px|text_align:center|color:%23000000&#8243; google_fonts=&#8221;font_family:PlayfairDisplay%3A&#8221; el_class=&#8221;no-uppercase&#8221; css=&#8221;.vc_custom_1695190291710{margin-bottom: 10px !important;}&#8221;][vc_column_text]<\/p>\n<p style=\"text-align: center;\">Terroir<\/p>\n<p>[\/vc_column_text][\/vc_column_inner][\/vc_row_inner][vc_empty_space height=&#8221;40px&#8221;][vc_btn title=&#8221;I order&#8221; style=&#8221;custom&#8221; custom_text=&#8221;#000000&#8243; shape=&#8221;square&#8221; align=&#8221;center&#8221; el_class=&#8221;btn-underline&#8221; link=&#8221;url:https%3A%2F%2Fboutique.vins-ribeauville.com%2Fproduit%2Fpinot-noir-allegro-rose%2F|&#8221;][\/vc_column][\/vc_row][vc_row css=&#8221;.vc_custom_1690213389273{margin-bottom: 0px !important;padding-bottom: 0px !important;}&#8221; _et_uniqid=&#8221;et_custom_uniqid_new_64be9c062ba38&#8243; el_class=&#8221;product-content&#8221;][vc_column][vc_single_image image=&#8221;9029&#8243; img_size=&#8221;full&#8221; alignment=&#8221;center&#8221; css=&#8221;.vc_custom_1690285800318{margin-top: 0px !important;margin-bottom: 0px !important;padding-top: 0px !important;padding-bottom: 0px !important;}&#8221;][\/vc_column][\/vc_row][vc_row full_width=&#8221;stretch_row_content&#8221; css_animation=&#8221;none&#8221; css=&#8221;.vc_custom_1709108102185{margin-top: 0px !important;margin-right: 0px !important;margin-bottom: 0px !important;margin-left: 0px !important;padding-top: 0px !important;padding-right: 0px !important;padding-bottom: 0px !important;padding-left: 0px !important;background-image: url(https:\/\/www.vins-ribeauville.com\/wp-content\/uploads\/2024\/02\/bg-strate-noire-bottom.png?id=75161) !important;background-position: 0 0 !important;background-repeat: no-repeat !important;}&#8221; _et_uniqid=&#8221;et_custom_uniqid_new_65deeb728360a&#8221; el_class=&#8221;dark black-after&#8221;][vc_column css=&#8221;.vc_custom_1688460795659{padding-top: 0px !important;padding-right: 0px !important;padding-bottom: 0px !important;padding-left: 0px !important;}&#8221; _et_uniqid=&#8221;et_custom_uniqid_new_64a3ddf4899df&#8221;][vc_row_inner content_placement=&#8221;middle&#8221; gap=&#8221;30&#8243; _et_uniqid=&#8221;et_custom_uniqid_new_64a419567e2af&#8221;][vc_column_inner width=&#8221;1\/2&#8243; css=&#8221;.vc_custom_1688398746638{margin-top: 0px !important;margin-right: 0px !important;margin-bottom: 0px !important;margin-left: 0px !important;padding-top: 0px !important;padding-right: 0px !important;padding-bottom: 0px !important;padding-left: 0px !important;}&#8221; _et_uniqid=&#8221;et_custom_uniqid_new_64a2eb8e9fda9&#8243;][vc_single_image image=&#8221;9042&#8243; img_size=&#8221;full&#8221;][\/vc_column_inner][vc_column_inner el_class=&#8221;subtitle&#8221; width=&#8221;1\/2&#8243; css=&#8221;.vc_custom_1709108109287{padding-right: 260px !important;padding-left: 0px !important;}&#8221; _et_uniqid=&#8221;et_custom_uniqid_new_65deeb8bc969a&#8221;][vc_custom_heading text=&#8221;Winemaking&#8221; font_container=&#8221;tag:h2|font_size:42px|text_align:center|color:%23ffffff&#8221; google_fonts=&#8221;font_family:PlayfairDisplay-Italic%3A&#8221; css_animation=&#8221;slideInUp&#8221; el_class=&#8221;no-uppercase&#8221; css=&#8221;.vc_custom_1690557662633{margin-bottom: 15px !important;}&#8221;][vc_column_text css_animation=&#8221;slideInUp&#8221; css=&#8221;.vc_custom_1692947339558{margin-bottom: 25px !important;}&#8221;]<\/p>\n<p style=\"text-align: center;\">The grapes are harvested exclusively by hand.<\/p>\n<p style=\"text-align: center;\">Whole bunches are pressed in pneumatic presses to avoid crushing. The juices are separated to optimise the quality of our wines. After static settling, the wines are fermented under temperature control and then matured on fine lees for 3 to 6 months.<\/p>\n<p>[\/vc_column_text][vc_custom_heading text=&#8221;Tasting&#8221; font_container=&#8221;tag:h2|font_size:42px|text_align:center|color:%23ffffff&#8221; google_fonts=&#8221;font_family:PlayfairDisplay-Italic%3A&#8221; css_animation=&#8221;slideInUp&#8221; el_class=&#8221;no-uppercase&#8221; css=&#8221;.vc_custom_1690557677791{margin-bottom: 15px !important;}&#8221;][vc_column_text css_animation=&#8221;slideInUp&#8221; css=&#8221;.vc_custom_1695203591786{margin-bottom: 25px !important;}&#8221;]<\/p>\n<p style=\"text-align: center;\">The nose is fine and fresh, with lovely fruity notes. Delicate light pink in colour, the palate is a blend of red fruit and white peach. The finish is slightly acidic, making it easy to drink and easy to enjoy.<\/p>\n<p>[\/vc_column_text][vc_empty_space height=&#8221;40px&#8221;][vc_btn title=&#8221;Buy this cuvee&#8221; style=&#8221;custom&#8221; custom_text=&#8221;#ffffff&#8221; shape=&#8221;square&#8221; align=&#8221;center&#8221; el_class=&#8221;btn-underline center btn-plus&#8221; css=&#8221;.vc_custom_1706880682742{margin-top: 45px !important;}&#8221; link=&#8221;url:https%3A%2F%2Fboutique.vins-ribeauville.com%2Fproduit%2Fpinot-noir-allegro-rose%2F|&#8221;][\/vc_column_inner][\/vc_row_inner][\/vc_column][\/vc_row][vc_row full_width=&#8221;stretch_row&#8221; css_animation=&#8221;slideInUp&#8221; css=&#8221;.vc_custom_1709199334263{margin-top: -5px !important;padding-top: 0px !important;background-image: url(https:\/\/www.vins-ribeauville.com\/wp-content\/uploads\/2023\/07\/bg-header-produits.png?id=8978) !important;background-position: center !important;background-repeat: no-repeat !important;background-size: cover !important;}&#8221; _et_uniqid=&#8221;et_custom_uniqid_new_65e04fe3847aa&#8221; el_class=&#8221;light top1 line&#8221;][vc_column css=&#8221;.vc_custom_1690285716751{padding-top: 60px !important;}&#8221; _et_uniqid=&#8221;et_custom_uniqid_new_64bfb68d78c60&#8243;][vc_row_inner el_class=&#8221;product-content&#8221; _et_uniqid=&#8221;et_custom_uniqid_new_64be9d3def059&#8243;][vc_column_inner width=&#8221;1\/2&#8243;][vc_custom_heading text=&#8221;What to marry it with?&#8221; font_container=&#8221;tag:p|font_size:20px|text_align:right&#8221; google_fonts=&#8221;font_family:RedHatDisplay%3A&#8221; css_animation=&#8221;slideInUp&#8221; el_class=&#8221;uppercase&#8221; css=&#8221;.vc_custom_1689860498239{margin-bottom: 0px !important;padding-right: 3vw !important;}&#8221;][vc_custom_heading text=&#8221;Food and wine pairing.&#8221; font_container=&#8221;tag:h2|font_size:42px|text_align:right&#8221; google_fonts=&#8221;font_family:PlayfairDisplay-Italic%3A&#8221; css_animation=&#8221;slideInUp&#8221; el_class=&#8221;no-uppercase&#8221; css=&#8221;.vc_custom_1692947434816{margin-bottom: 10px !important;padding-right: 3vw !important;}&#8221;][vc_column_text css=&#8221;.vc_custom_1695210201096{margin-bottom: 25px !important;padding-right: 3vw !important;}&#8221;]<\/p>\n<p style=\"text-align: right;\">Enjoy this Allegro with tarts flamb\u00e9es, pizzas or grilled meats. A fresh wine for summer<\/p>\n<p>[\/vc_column_text][vc_empty_space height=&#8221;40px&#8221;][vc_single_image image=&#8221;13236&#8243; img_size=&#8221;450&#215;499&#8243; alignment=&#8221;center&#8221;][\/vc_column_inner][vc_column_inner el_class=&#8221;no-mobile&#8221; width=&#8221;1\/2&#8243; _et_uniqid=&#8221;et_custom_uniqid_new_65deeb9898084&#8243;][vc_single_image image=&#8221;13237&#8243; img_size=&#8221;full&#8221; alignment=&#8221;center&#8221;][\/vc_column_inner][\/vc_row_inner][vc_empty_space height=&#8221;40px&#8221;][vc_btn title=&#8221;Discover the shop&#8221; style=&#8221;custom&#8221; custom_text=&#8221;#020202&#8243; shape=&#8221;square&#8221; align=&#8221;center&#8221; el_class=&#8221;btn-underline&#8221; link=&#8221;url:https%3A%2F%2Fboutique.vins-ribeauville.com%2F|&#8221;][\/vc_column][\/vc_row]<\/p>\n<\/div>","protected":false},"excerpt":{"rendered":"<p>[vc_row css_animation=&#8221;none&#8221; background_position=&#8221;center_bottom&#8221; css=&#8221;.vc_custom_1694439474337{padding-bottom: 50px !important;}&#8221;&#8230;<\/p>\n","protected":false},"featured_media":56731,"template":"","meta":[],"etheme_brands":[],"product_brand":[],"product_cat":[107],"product_tag":[112],"class_list":{"0":"post-110107","1":"product","2":"type-product","3":"status-publish","4":"has-post-thumbnail","6":"product_cat-collection-range","7":"product_tag-pinot-noir-en","9":"first","10":"instock","11":"shipping-taxable","12":"product-type-simple"},"booking_location":null,"booking_location_type":null,"booking_duration":null,"booking_buffer":null,"booking_cost":null,"booking_resources":null,"acf":[],"yoast_head":"<!-- This site is optimized with the Yoast SEO plugin v27.5 - https:\/\/yoast.com\/product\/yoast-seo-wordpress\/ -->\n<title>Allegro Ros\u00e9 - Cave de Ribeauvill\u00e9<\/title>\n<meta name=\"description\" content=\"This Pinot Noir Ros\u00e9 seduces with its delicate balance of acidity and fruity flavours, making it the ideal companion for sunny days.\" \/>\n<meta name=\"robots\" content=\"index, follow, max-snippet:-1, max-image-preview:large, max-video-preview:-1\" \/>\n<link rel=\"canonical\" href=\"https:\/\/www.vins-ribeauville.com\/en\/produit\/allegro-rose\/\" \/>\n<meta property=\"og:locale\" content=\"en_US\" \/>\n<meta property=\"og:type\" content=\"article\" \/>\n<meta property=\"og:title\" content=\"Allegro Ros\u00e9 - Cave de Ribeauvill\u00e9\" \/>\n<meta property=\"og:description\" content=\"This Pinot Noir Ros\u00e9 seduces with its delicate balance of acidity and fruity flavours, making it the ideal companion for sunny days.\" \/>\n<meta property=\"og:url\" content=\"https:\/\/www.vins-ribeauville.com\/en\/produit\/allegro-rose\/\" \/>\n<meta property=\"og:site_name\" content=\"Cave de Ribeauvill\u00e9\" \/>\n<meta property=\"article:modified_time\" content=\"2024-09-05T14:04:45+00:00\" \/>\n<meta property=\"og:image\" content=\"https:\/\/www.vins-ribeauville.com\/wp-content\/uploads\/2023\/09\/Allegro-Risacher-non-millesime.png\" \/>\n\t<meta property=\"og:image:width\" content=\"1557\" \/>\n\t<meta property=\"og:image:height\" content=\"5472\" \/>\n\t<meta property=\"og:image:type\" content=\"image\/png\" \/>\n<meta name=\"twitter:card\" content=\"summary_large_image\" \/>\n<meta name=\"twitter:label1\" content=\"Est. reading time\" \/>\n\t<meta name=\"twitter:data1\" content=\"7 minutes\" \/>\n<script type=\"application\/ld+json\" class=\"yoast-schema-graph\">{\"@context\":\"https:\\\/\\\/schema.org\",\"@graph\":[{\"@type\":\"WebPage\",\"@id\":\"https:\\\/\\\/www.vins-ribeauville.com\\\/en\\\/produit\\\/allegro-rose\\\/\",\"url\":\"https:\\\/\\\/www.vins-ribeauville.com\\\/en\\\/produit\\\/allegro-rose\\\/\",\"name\":\"Allegro Ros\u00e9 - Cave de Ribeauvill\u00e9\",\"isPartOf\":{\"@id\":\"https:\\\/\\\/www.vins-ribeauville.com\\\/en\\\/#website\"},\"primaryImageOfPage\":{\"@id\":\"https:\\\/\\\/www.vins-ribeauville.com\\\/en\\\/produit\\\/allegro-rose\\\/#primaryimage\"},\"image\":{\"@id\":\"https:\\\/\\\/www.vins-ribeauville.com\\\/en\\\/produit\\\/allegro-rose\\\/#primaryimage\"},\"thumbnailUrl\":\"https:\\\/\\\/www.vins-ribeauville.com\\\/wp-content\\\/uploads\\\/2023\\\/09\\\/Allegro-Risacher-non-millesime-scaled.png\",\"datePublished\":\"2023-11-09T08:45:48+00:00\",\"dateModified\":\"2024-09-05T14:04:45+00:00\",\"description\":\"This Pinot Noir Ros\u00e9 seduces with its delicate balance of acidity and fruity flavours, making it the ideal companion for sunny days.\",\"breadcrumb\":{\"@id\":\"https:\\\/\\\/www.vins-ribeauville.com\\\/en\\\/produit\\\/allegro-rose\\\/#breadcrumb\"},\"inLanguage\":\"en-US\",\"potentialAction\":[{\"@type\":\"ReadAction\",\"target\":[\"https:\\\/\\\/www.vins-ribeauville.com\\\/en\\\/produit\\\/allegro-rose\\\/\"]}]},{\"@type\":\"ImageObject\",\"inLanguage\":\"en-US\",\"@id\":\"https:\\\/\\\/www.vins-ribeauville.com\\\/en\\\/produit\\\/allegro-rose\\\/#primaryimage\",\"url\":\"https:\\\/\\\/www.vins-ribeauville.com\\\/wp-content\\\/uploads\\\/2023\\\/09\\\/Allegro-Risacher-non-millesime-scaled.png\",\"contentUrl\":\"https:\\\/\\\/www.vins-ribeauville.com\\\/wp-content\\\/uploads\\\/2023\\\/09\\\/Allegro-Risacher-non-millesime-scaled.png\",\"width\":728,\"height\":2560,\"caption\":\"Pinot Noir Ros\u00e9 Allegro\"},{\"@type\":\"BreadcrumbList\",\"@id\":\"https:\\\/\\\/www.vins-ribeauville.com\\\/en\\\/produit\\\/allegro-rose\\\/#breadcrumb\",\"itemListElement\":[{\"@type\":\"ListItem\",\"position\":1,\"name\":\"Accueil\",\"item\":\"https:\\\/\\\/www.vins-ribeauville.com\\\/en\\\/alsace-wine-cremants\\\/\"},{\"@type\":\"ListItem\",\"position\":2,\"name\":\"Products\",\"item\":\"https:\\\/\\\/www.vins-ribeauville.com\\\/en\\\/shop\\\/\"},{\"@type\":\"ListItem\",\"position\":3,\"name\":\"Allegro Ros\u00e9\"}]},{\"@type\":\"WebSite\",\"@id\":\"https:\\\/\\\/www.vins-ribeauville.com\\\/en\\\/#website\",\"url\":\"https:\\\/\\\/www.vins-ribeauville.com\\\/en\\\/\",\"name\":\"Cave de Ribeauvill\u00e9\",\"description\":\"De nos terroirs naissent des tr\u00e9sors\",\"potentialAction\":[{\"@type\":\"SearchAction\",\"target\":{\"@type\":\"EntryPoint\",\"urlTemplate\":\"https:\\\/\\\/www.vins-ribeauville.com\\\/en\\\/?s={search_term_string}\"},\"query-input\":{\"@type\":\"PropertyValueSpecification\",\"valueRequired\":true,\"valueName\":\"search_term_string\"}}],\"inLanguage\":\"en-US\"}]}<\/script>\n<!-- \/ Yoast SEO plugin. -->","yoast_head_json":{"title":"Allegro Ros\u00e9 - Cave de Ribeauvill\u00e9","description":"This Pinot Noir Ros\u00e9 seduces with its delicate balance of acidity and fruity flavours, making it the ideal companion for sunny days.","robots":{"index":"index","follow":"follow","max-snippet":"max-snippet:-1","max-image-preview":"max-image-preview:large","max-video-preview":"max-video-preview:-1"},"canonical":"https:\/\/www.vins-ribeauville.com\/en\/produit\/allegro-rose\/","og_locale":"en_US","og_type":"article","og_title":"Allegro Ros\u00e9 - Cave de Ribeauvill\u00e9","og_description":"This Pinot Noir Ros\u00e9 seduces with its delicate balance of acidity and fruity flavours, making it the ideal companion for sunny days.","og_url":"https:\/\/www.vins-ribeauville.com\/en\/produit\/allegro-rose\/","og_site_name":"Cave de Ribeauvill\u00e9","article_modified_time":"2024-09-05T14:04:45+00:00","og_image":[{"width":1557,"height":5472,"url":"https:\/\/www.vins-ribeauville.com\/wp-content\/uploads\/2023\/09\/Allegro-Risacher-non-millesime.png","type":"image\/png"}],"twitter_card":"summary_large_image","twitter_misc":{"Est. reading time":"7 minutes"},"schema":{"@context":"https:\/\/schema.org","@graph":[{"@type":"WebPage","@id":"https:\/\/www.vins-ribeauville.com\/en\/produit\/allegro-rose\/","url":"https:\/\/www.vins-ribeauville.com\/en\/produit\/allegro-rose\/","name":"Allegro Ros\u00e9 - Cave de Ribeauvill\u00e9","isPartOf":{"@id":"https:\/\/www.vins-ribeauville.com\/en\/#website"},"primaryImageOfPage":{"@id":"https:\/\/www.vins-ribeauville.com\/en\/produit\/allegro-rose\/#primaryimage"},"image":{"@id":"https:\/\/www.vins-ribeauville.com\/en\/produit\/allegro-rose\/#primaryimage"},"thumbnailUrl":"https:\/\/www.vins-ribeauville.com\/wp-content\/uploads\/2023\/09\/Allegro-Risacher-non-millesime-scaled.png","datePublished":"2023-11-09T08:45:48+00:00","dateModified":"2024-09-05T14:04:45+00:00","description":"This Pinot Noir Ros\u00e9 seduces with its delicate balance of acidity and fruity flavours, making it the ideal companion for sunny days.","breadcrumb":{"@id":"https:\/\/www.vins-ribeauville.com\/en\/produit\/allegro-rose\/#breadcrumb"},"inLanguage":"en-US","potentialAction":[{"@type":"ReadAction","target":["https:\/\/www.vins-ribeauville.com\/en\/produit\/allegro-rose\/"]}]},{"@type":"ImageObject","inLanguage":"en-US","@id":"https:\/\/www.vins-ribeauville.com\/en\/produit\/allegro-rose\/#primaryimage","url":"https:\/\/www.vins-ribeauville.com\/wp-content\/uploads\/2023\/09\/Allegro-Risacher-non-millesime-scaled.png","contentUrl":"https:\/\/www.vins-ribeauville.com\/wp-content\/uploads\/2023\/09\/Allegro-Risacher-non-millesime-scaled.png","width":728,"height":2560,"caption":"Pinot Noir Ros\u00e9 Allegro"},{"@type":"BreadcrumbList","@id":"https:\/\/www.vins-ribeauville.com\/en\/produit\/allegro-rose\/#breadcrumb","itemListElement":[{"@type":"ListItem","position":1,"name":"Accueil","item":"https:\/\/www.vins-ribeauville.com\/en\/alsace-wine-cremants\/"},{"@type":"ListItem","position":2,"name":"Products","item":"https:\/\/www.vins-ribeauville.com\/en\/shop\/"},{"@type":"ListItem","position":3,"name":"Allegro Ros\u00e9"}]},{"@type":"WebSite","@id":"https:\/\/www.vins-ribeauville.com\/en\/#website","url":"https:\/\/www.vins-ribeauville.com\/en\/","name":"Cave de Ribeauvill\u00e9","description":"De nos terroirs naissent des tr\u00e9sors","potentialAction":[{"@type":"SearchAction","target":{"@type":"EntryPoint","urlTemplate":"https:\/\/www.vins-ribeauville.com\/en\/?s={search_term_string}"},"query-input":{"@type":"PropertyValueSpecification","valueRequired":true,"valueName":"search_term_string"}}],"inLanguage":"en-US"}]}},"_links":{"self":[{"href":"https:\/\/www.vins-ribeauville.com\/en\/wp-json\/wp\/v2\/product\/110107","targetHints":{"allow":["GET"]}}],"collection":[{"href":"https:\/\/www.vins-ribeauville.com\/en\/wp-json\/wp\/v2\/product"}],"about":[{"href":"https:\/\/www.vins-ribeauville.com\/en\/wp-json\/wp\/v2\/types\/product"}],"wp:featuredmedia":[{"embeddable":true,"href":"https:\/\/www.vins-ribeauville.com\/en\/wp-json\/wp\/v2\/media\/56731"}],"wp:attachment":[{"href":"https:\/\/www.vins-ribeauville.com\/en\/wp-json\/wp\/v2\/media?parent=110107"}],"wp:term":[{"taxonomy":"brand","embeddable":true,"href":"https:\/\/www.vins-ribeauville.com\/en\/wp-json\/wp\/v2\/etheme_brands?post=110107"},{"taxonomy":"product_brand","embeddable":true,"href":"https:\/\/www.vins-ribeauville.com\/en\/wp-json\/wp\/v2\/product_brand?post=110107"},{"taxonomy":"product_cat","embeddable":true,"href":"https:\/\/www.vins-ribeauville.com\/en\/wp-json\/wp\/v2\/product_cat?post=110107"},{"taxonomy":"product_tag","embeddable":true,"href":"https:\/\/www.vins-ribeauville.com\/en\/wp-json\/wp\/v2\/product_tag?post=110107"}],"curies":[{"name":"wp","href":"https:\/\/api.w.org\/{rel}","templated":true}]}}